{"id":842,"date":"2024-08-02T00:48:05","date_gmt":"2024-08-02T00:48:05","guid":{"rendered":"https:\/\/fortanstone.com\/?page_id=842"},"modified":"2024-08-03T02:18:25","modified_gmt":"2024-08-03T02:18:25","slug":"distribuidores","status":"publish","type":"page","link":"https:\/\/fortanstone.com\/en\/distribuidores\/","title":{"rendered":"Where to buy"},"content":{"rendered":"<div data-elementor-type=\"wp-page\" data-elementor-id=\"842\" class=\"elementor elementor-842\">\n\t\t\t\t\t\t<section class=\"elementor-section elementor-top-section elementor-element elementor-element-fc46602 elementor-section-full_width elementor-section-height-full elementor-section-height-default elementor-section-items-middle\" data-id=\"fc46602\" data-element_type=\"section\">\n\t\t\t\t\t\t<div class=\"elementor-container elementor-column-gap-no\">\n\t\t\t\t\t<div class=\"elementor-column elementor-col-50 elementor-top-column elementor-element elementor-element-d339b32 elementor-invisible\" data-id=\"d339b32\" data-element_type=\"column\" data-settings=\"{&quot;animation&quot;:&quot;bounceInLeft&quot;}\">\n\t\t\t<div class=\"elementor-widget-wrap elementor-element-populated\">\n\t\t\t\t\t\t<div class=\"elementor-element elementor-element-4d9856c elementor-widget elementor-widget-heading\" data-id=\"4d9856c\" data-element_type=\"widget\" data-widget_type=\"heading.default\">\n\t\t\t\t<div class=\"elementor-widget-container\">\n\t\t\t\t\t<h2 class=\"elementor-heading-title elementor-size-default\">Join our distributor network<\/h2>\t\t\t\t<\/div>\n\t\t\t\t<\/div>\n\t\t\t\t<div class=\"elementor-element elementor-element-2b8a936 elementor-widget-divider--view-line elementor-widget elementor-widget-divider\" data-id=\"2b8a936\" data-element_type=\"widget\" data-widget_type=\"divider.default\">\n\t\t\t\t<div class=\"elementor-widget-container\">\n\t\t\t\t\t\t\t<div class=\"elementor-divider\">\n\t\t\t<span class=\"elementor-divider-separator\">\n\t\t\t\t\t\t<\/span>\n\t\t<\/div>\n\t\t\t\t\t\t<\/div>\n\t\t\t\t<\/div>\n\t\t\t\t<div class=\"elementor-element elementor-element-40ca244 elementor-widget elementor-widget-heading\" data-id=\"40ca244\" data-element_type=\"widget\" data-widget_type=\"heading.default\">\n\t\t\t\t<div class=\"elementor-widget-container\">\n\t\t\t\t\t<h2 class=\"elementor-heading-title elementor-size-default\">Become a distributor.<\/h2>\t\t\t\t<\/div>\n\t\t\t\t<\/div>\n\t\t\t\t<div class=\"elementor-element elementor-element-04f488d elementor-widget elementor-widget-text-editor\" data-id=\"04f488d\" data-element_type=\"widget\" data-widget_type=\"text-editor.default\">\n\t\t\t\t<div class=\"elementor-widget-container\">\n\t\t\t\t\t\t\t\t\t<p><strong>Are you looking for a solid and profitable business opportunity?<\/strong><\/p>\n<p>Get in touch with us for a personalized consultation and find out how you can acquire or start distributing FORTAN, a product with great participation in the industry. Don't miss the opportunity to be part of our success.<\/p>\t\t\t\t\t\t\t\t<\/div>\n\t\t\t\t<\/div>\n\t\t\t\t\t<\/div>\n\t\t<\/div>\n\t\t\t\t<div class=\"elementor-column elementor-col-50 elementor-top-column elementor-element elementor-element-bf9815e\" data-id=\"bf9815e\" data-element_type=\"column\" data-settings=\"{&quot;background_background&quot;:&quot;classic&quot;}\">\n\t\t\t<div class=\"elementor-widget-wrap elementor-element-populated\">\n\t\t\t\t\t\t<section class=\"elementor-section elementor-inner-section elementor-element elementor-element-b93b529 elementor-section-height-full elementor-section-boxed elementor-section-height-default\" data-id=\"b93b529\" data-element_type=\"section\" data-settings=\"{&quot;background_background&quot;:&quot;classic&quot;}\">\n\t\t\t\t\t\t\t<div class=\"elementor-background-overlay\"><\/div>\n\t\t\t\t\t\t\t<div class=\"elementor-container elementor-column-gap-no\">\n\t\t\t\t\t<div class=\"elementor-column elementor-col-100 elementor-inner-column elementor-element elementor-element-40a4288\" data-id=\"40a4288\" data-element_type=\"column\">\n\t\t\t<div class=\"elementor-widget-wrap elementor-element-populated\">\n\t\t\t\t\t\t<div class=\"elementor-element elementor-element-ce50c46 elementor-widget elementor-widget-heading\" data-id=\"ce50c46\" data-element_type=\"widget\" data-widget_type=\"heading.default\">\n\t\t\t\t<div class=\"elementor-widget-container\">\n\t\t\t\t\t<h2 class=\"elementor-heading-title elementor-size-default\">Email<\/h2>\t\t\t\t<\/div>\n\t\t\t\t<\/div>\n\t\t\t\t<div class=\"elementor-element elementor-element-44f7f79 elementor-widget elementor-widget-text-editor\" data-id=\"44f7f79\" data-element_type=\"widget\" data-widget_type=\"text-editor.default\">\n\t\t\t\t<div class=\"elementor-widget-container\">\n\t\t\t\t\t\t\t\t\t<p>contacto@fortanstone.com<\/p><p><\/p>\t\t\t\t\t\t\t\t<\/div>\n\t\t\t\t<\/div>\n\t\t\t\t<div class=\"elementor-element elementor-element-c44b389 elementor-widget elementor-widget-heading\" data-id=\"c44b389\" data-element_type=\"widget\" data-widget_type=\"heading.default\">\n\t\t\t\t<div class=\"elementor-widget-container\">\n\t\t\t\t\t<h2 class=\"elementor-heading-title elementor-size-default\">Address<\/h2>\t\t\t\t<\/div>\n\t\t\t\t<\/div>\n\t\t\t\t<div class=\"elementor-element elementor-element-660723c elementor-widget elementor-widget-text-editor\" data-id=\"660723c\" data-element_type=\"widget\" data-widget_type=\"text-editor.default\">\n\t\t\t\t<div class=\"elementor-widget-container\">\n\t\t\t\t\t\t\t\t\t<p>P\u00e1jaros Azules 5057<br \/>67186 Nuevo Almaguer, Guadalupe, N.L.<\/p><p><\/p>\t\t\t\t\t\t\t\t<\/div>\n\t\t\t\t<\/div>\n\t\t\t\t<div class=\"elementor-element elementor-element-0fe4575 elementor-widget elementor-widget-heading\" data-id=\"0fe4575\" data-element_type=\"widget\" data-widget_type=\"heading.default\">\n\t\t\t\t<div class=\"elementor-widget-container\">\n\t\t\t\t\t<h2 class=\"elementor-heading-title elementor-size-default\">Phone Mexico<\/h2>\t\t\t\t<\/div>\n\t\t\t\t<\/div>\n\t\t\t\t<div class=\"elementor-element elementor-element-6e72620 elementor-widget elementor-widget-text-editor\" data-id=\"6e72620\" data-element_type=\"widget\" data-widget_type=\"text-editor.default\">\n\t\t\t\t<div class=\"elementor-widget-container\">\n\t\t\t\t\t\t\t\t\t<p>81\u00a08218 0682<br \/>81\u00a08218 0683<\/p><p><\/p>\t\t\t\t\t\t\t\t<\/div>\n\t\t\t\t<\/div>\n\t\t\t\t<div class=\"elementor-element elementor-element-4dea702 elementor-widget elementor-widget-heading\" data-id=\"4dea702\" data-element_type=\"widget\" data-widget_type=\"heading.default\">\n\t\t\t\t<div class=\"elementor-widget-container\">\n\t\t\t\t\t<h2 class=\"elementor-heading-title elementor-size-default\">USA Phone<\/h2>\t\t\t\t<\/div>\n\t\t\t\t<\/div>\n\t\t\t\t<div class=\"elementor-element elementor-element-47f2c41 elementor-widget elementor-widget-text-editor\" data-id=\"47f2c41\" data-element_type=\"widget\" data-widget_type=\"text-editor.default\">\n\t\t\t\t<div class=\"elementor-widget-container\">\n\t\t\t\t\t\t\t\t\t<p>+1 956 426 4602<\/p>\t\t\t\t\t\t\t\t<\/div>\n\t\t\t\t<\/div>\n\t\t\t\t\t<\/div>\n\t\t<\/div>\n\t\t\t\t\t<\/div>\n\t\t<\/section>\n\t\t\t\t\t<\/div>\n\t\t<\/div>\n\t\t\t\t\t<\/div>\n\t\t<\/section>\n\t\t\t\t<section class=\"elementor-section elementor-top-section elementor-element elementor-element-1e530b5 elementor-section-height-min-height elementor-section-boxed elementor-section-height-default elementor-section-items-middle\" data-id=\"1e530b5\" data-element_type=\"section\" data-settings=\"{&quot;background_background&quot;:&quot;classic&quot;}\">\n\t\t\t\t\t\t<div class=\"elementor-container elementor-column-gap-default\">\n\t\t\t\t\t<div class=\"elementor-column elementor-col-100 elementor-top-column elementor-element elementor-element-db71f30 elementor-invisible\" data-id=\"db71f30\" data-element_type=\"column\" data-settings=\"{&quot;animation&quot;:&quot;bounceInUp&quot;}\">\n\t\t\t<div class=\"elementor-widget-wrap elementor-element-populated\">\n\t\t\t\t\t\t<section class=\"elementor-section elementor-inner-section elementor-element elementor-element-f5b75c6 elementor-section-boxed elementor-section-height-default elementor-section-height-default\" data-id=\"f5b75c6\" data-element_type=\"section\">\n\t\t\t\t\t\t<div class=\"elementor-container elementor-column-gap-default\">\n\t\t\t\t\t<div class=\"elementor-column elementor-col-33 elementor-inner-column elementor-element elementor-element-52aa3ef\" data-id=\"52aa3ef\" data-element_type=\"column\">\n\t\t\t<div class=\"elementor-widget-wrap elementor-element-populated\">\n\t\t\t\t\t\t<div class=\"elementor-element elementor-element-9b43767 elementor-widget elementor-widget-image\" data-id=\"9b43767\" data-element_type=\"widget\" data-widget_type=\"image.default\">\n\t\t\t\t<div class=\"elementor-widget-container\">\n\t\t\t\t\t\t\t\t\t\t\t\t\t\t\t<img decoding=\"async\" width=\"76\" height=\"75\" src=\"https:\/\/fortanstone.com\/wp-content\/uploads\/2022\/06\/losetas-uso-comercial.png\" class=\"attachment-large size-large wp-image-34\" alt=\"\" \/>\t\t\t\t\t\t\t\t\t\t\t\t\t\t\t<\/div>\n\t\t\t\t<\/div>\n\t\t\t\t<div class=\"elementor-element elementor-element-1df557a elementor-widget elementor-widget-heading\" data-id=\"1df557a\" data-element_type=\"widget\" data-widget_type=\"heading.default\">\n\t\t\t\t<div class=\"elementor-widget-container\">\n\t\t\t\t\t<h2 class=\"elementor-heading-title elementor-size-default\">Commercial Use<\/h2>\t\t\t\t<\/div>\n\t\t\t\t<\/div>\n\t\t\t\t<div class=\"elementor-element elementor-element-63ef57c elementor-widget elementor-widget-text-editor\" data-id=\"63ef57c\" data-element_type=\"widget\" data-widget_type=\"text-editor.default\">\n\t\t\t\t<div class=\"elementor-widget-container\">\n\t\t\t\t\t\t\t\t\t<p>Unique designs combining appearance, colors and style, with a great performance for areas of high pedestrian and \/ or vehicular traffic for commercial centers.<\/p><p><\/p>\t\t\t\t\t\t\t\t<\/div>\n\t\t\t\t<\/div>\n\t\t\t\t\t<\/div>\n\t\t<\/div>\n\t\t\t\t<div class=\"elementor-column elementor-col-33 elementor-inner-column elementor-element elementor-element-0ae8c6e\" data-id=\"0ae8c6e\" data-element_type=\"column\">\n\t\t\t<div class=\"elementor-widget-wrap elementor-element-populated\">\n\t\t\t\t\t\t<div class=\"elementor-element elementor-element-fd11d92 elementor-widget elementor-widget-image\" data-id=\"fd11d92\" data-element_type=\"widget\" data-widget_type=\"image.default\">\n\t\t\t\t<div class=\"elementor-widget-container\">\n\t\t\t\t\t\t\t\t\t\t\t\t\t\t\t<img decoding=\"async\" width=\"76\" height=\"75\" src=\"https:\/\/fortanstone.com\/wp-content\/uploads\/2022\/06\/losetas-uso-comercial.png\" class=\"attachment-large size-large wp-image-34\" alt=\"\" \/>\t\t\t\t\t\t\t\t\t\t\t\t\t\t\t<\/div>\n\t\t\t\t<\/div>\n\t\t\t\t<div class=\"elementor-element elementor-element-a9c7dab elementor-widget elementor-widget-heading\" data-id=\"a9c7dab\" data-element_type=\"widget\" data-widget_type=\"heading.default\">\n\t\t\t\t<div class=\"elementor-widget-container\">\n\t\t\t\t\t<h2 class=\"elementor-heading-title elementor-size-default\">Residential Use<\/h2>\t\t\t\t<\/div>\n\t\t\t\t<\/div>\n\t\t\t\t<div class=\"elementor-element elementor-element-a93065f elementor-widget elementor-widget-text-editor\" data-id=\"a93065f\" data-element_type=\"widget\" data-widget_type=\"text-editor.default\">\n\t\t\t\t<div class=\"elementor-widget-container\">\n\t\t\t\t\t\t\t\t\t<p>Use in walls and floors for any types of residential projects including terraces, garages and facades, in order to provide a striking and innovative style.<\/p><p><\/p>\t\t\t\t\t\t\t\t<\/div>\n\t\t\t\t<\/div>\n\t\t\t\t\t<\/div>\n\t\t<\/div>\n\t\t\t\t<div class=\"elementor-column elementor-col-33 elementor-inner-column elementor-element elementor-element-584984b\" data-id=\"584984b\" data-element_type=\"column\">\n\t\t\t<div class=\"elementor-widget-wrap elementor-element-populated\">\n\t\t\t\t\t\t<div class=\"elementor-element elementor-element-8345a6e elementor-widget elementor-widget-image\" data-id=\"8345a6e\" data-element_type=\"widget\" data-widget_type=\"image.default\">\n\t\t\t\t<div class=\"elementor-widget-container\">\n\t\t\t\t\t\t\t\t\t\t\t\t\t\t\t<img decoding=\"async\" width=\"76\" height=\"75\" src=\"https:\/\/fortanstone.com\/wp-content\/uploads\/2022\/06\/losetas-uso-comercial.png\" class=\"attachment-large size-large wp-image-34\" alt=\"\" \/>\t\t\t\t\t\t\t\t\t\t\t\t\t\t\t<\/div>\n\t\t\t\t<\/div>\n\t\t\t\t<div class=\"elementor-element elementor-element-6345837 elementor-widget elementor-widget-heading\" data-id=\"6345837\" data-element_type=\"widget\" data-widget_type=\"heading.default\">\n\t\t\t\t<div class=\"elementor-widget-container\">\n\t\t\t\t\t<h2 class=\"elementor-heading-title elementor-size-default\">Public Spaces<\/h2>\t\t\t\t<\/div>\n\t\t\t\t<\/div>\n\t\t\t\t<div class=\"elementor-element elementor-element-50b2f56 elementor-widget elementor-widget-text-editor\" data-id=\"50b2f56\" data-element_type=\"widget\" data-widget_type=\"text-editor.default\">\n\t\t\t\t<div class=\"elementor-widget-container\">\n\t\t\t\t\t\t\t\t\t<p>Facades and flooring systems with an exclusive range of colors and mixtures of stone and concrete, for public squares, sidewalks, universities, etc.<\/p><p><\/p>\t\t\t\t\t\t\t\t<\/div>\n\t\t\t\t<\/div>\n\t\t\t\t\t<\/div>\n\t\t<\/div>\n\t\t\t\t\t<\/div>\n\t\t<\/section>\n\t\t\t\t\t<\/div>\n\t\t<\/div>\n\t\t\t\t\t<\/div>\n\t\t<\/section>\n\t\t\t\t<\/div>","protected":false},"excerpt":{"rendered":"<p>\u00danete a nuestra red de distribuidores Convierte en un distribuidor. \u00bfBuscas una oportunidad de negocio s\u00f3lida y rentable? Cont\u00e1ctanos para una asesor\u00eda personalizada y descubre c\u00f3mo puedes adquirir o comenzar a distribuir FORTAN, un producto con gran participaci\u00f3n en la industria. No pierdas la oportunidad de ser parte de nuestro \u00e9xito. Correo contacto@fortanstone.com Direcci\u00f3n P\u00e1jaros [&hellip;]<\/p>","protected":false},"author":1,"featured_media":0,"parent":0,"menu_order":0,"comment_status":"closed","ping_status":"closed","template":"elementor_header_footer","meta":{"content-type":"","footnotes":""},"class_list":["post-842","page","type-page","status-publish","hentry"],"yoast_head":"<!-- This site is optimized with the Yoast SEO plugin v25.8 - https:\/\/yoast.com\/wordpress\/plugins\/seo\/ -->\n<title>Distribuidores - Fortanstone<\/title>\n<meta name=\"robots\" content=\"index, follow, max-snippet:-1, max-image-preview:large, max-video-preview:-1\" \/>\n<link rel=\"canonical\" href=\"https:\/\/fortanstone.com\/en\/distribuidores\/\" \/>\n<meta property=\"og:locale\" content=\"en_US\" \/>\n<meta property=\"og:type\" content=\"article\" \/>\n<meta property=\"og:title\" content=\"Distribuidores - Fortanstone\" \/>\n<meta property=\"og:description\" content=\"\u00danete a nuestra red de distribuidores Convierte en un distribuidor. \u00bfBuscas una oportunidad de negocio s\u00f3lida y rentable? Cont\u00e1ctanos para una asesor\u00eda personalizada y descubre c\u00f3mo puedes adquirir o comenzar a distribuir FORTAN, un producto con gran participaci\u00f3n en la industria. No pierdas la oportunidad de ser parte de nuestro \u00e9xito. Correo contacto@fortanstone.com Direcci\u00f3n P\u00e1jaros [&hellip;]\" \/>\n<meta property=\"og:url\" content=\"https:\/\/fortanstone.com\/en\/distribuidores\/\" \/>\n<meta property=\"og:site_name\" content=\"Fortanstone\" \/>\n<meta property=\"article:publisher\" content=\"https:\/\/www.facebook.com\/FortanStone\/\" \/>\n<meta property=\"article:modified_time\" content=\"2024-08-03T02:18:25+00:00\" \/>\n<meta property=\"og:image\" content=\"http:\/\/fortanstone.com\/wp-content\/uploads\/2022\/06\/losetas-uso-comercial.png\" \/>\n<meta name=\"twitter:card\" content=\"summary_large_image\" \/>\n<meta name=\"twitter:label1\" content=\"Est. reading time\" \/>\n\t<meta name=\"twitter:data1\" content=\"2 minutes\" \/>\n<script type=\"application\/ld+json\" class=\"yoast-schema-graph\">{\"@context\":\"https:\/\/schema.org\",\"@graph\":[{\"@type\":\"WebPage\",\"@id\":\"https:\/\/fortanstone.com\/distribuidores\/\",\"url\":\"https:\/\/fortanstone.com\/distribuidores\/\",\"name\":\"Distribuidores - Fortanstone\",\"isPartOf\":{\"@id\":\"https:\/\/fortanstone.com\/#website\"},\"primaryImageOfPage\":{\"@id\":\"https:\/\/fortanstone.com\/distribuidores\/#primaryimage\"},\"image\":{\"@id\":\"https:\/\/fortanstone.com\/distribuidores\/#primaryimage\"},\"thumbnailUrl\":\"http:\/\/fortanstone.com\/wp-content\/uploads\/2022\/06\/losetas-uso-comercial.png\",\"datePublished\":\"2024-08-02T00:48:05+00:00\",\"dateModified\":\"2024-08-03T02:18:25+00:00\",\"breadcrumb\":{\"@id\":\"https:\/\/fortanstone.com\/distribuidores\/#breadcrumb\"},\"inLanguage\":\"en-US\",\"potentialAction\":[{\"@type\":\"ReadAction\",\"target\":[\"https:\/\/fortanstone.com\/distribuidores\/\"]}]},{\"@type\":\"ImageObject\",\"inLanguage\":\"en-US\",\"@id\":\"https:\/\/fortanstone.com\/distribuidores\/#primaryimage\",\"url\":\"http:\/\/fortanstone.com\/wp-content\/uploads\/2022\/06\/losetas-uso-comercial.png\",\"contentUrl\":\"http:\/\/fortanstone.com\/wp-content\/uploads\/2022\/06\/losetas-uso-comercial.png\"},{\"@type\":\"BreadcrumbList\",\"@id\":\"https:\/\/fortanstone.com\/distribuidores\/#breadcrumb\",\"itemListElement\":[{\"@type\":\"ListItem\",\"position\":1,\"name\":\"Inicio\",\"item\":\"https:\/\/fortanstone.com\/\"},{\"@type\":\"ListItem\",\"position\":2,\"name\":\"Distribuidores\"}]},{\"@type\":\"WebSite\",\"@id\":\"https:\/\/fortanstone.com\/#website\",\"url\":\"https:\/\/fortanstone.com\/\",\"name\":\"Fortanstone\",\"description\":\"Just another WordPress site\",\"publisher\":{\"@id\":\"https:\/\/fortanstone.com\/#organization\"},\"potentialAction\":[{\"@type\":\"SearchAction\",\"target\":{\"@type\":\"EntryPoint\",\"urlTemplate\":\"https:\/\/fortanstone.com\/?s={search_term_string}\"},\"query-input\":{\"@type\":\"PropertyValueSpecification\",\"valueRequired\":true,\"valueName\":\"search_term_string\"}}],\"inLanguage\":\"en-US\"},{\"@type\":\"Organization\",\"@id\":\"https:\/\/fortanstone.com\/#organization\",\"name\":\"Fortanstone - Losetas de Concreto Para Pisos y Fachadas\",\"url\":\"https:\/\/fortanstone.com\/\",\"logo\":{\"@type\":\"ImageObject\",\"inLanguage\":\"en-US\",\"@id\":\"https:\/\/fortanstone.com\/#\/schema\/logo\/image\/\",\"url\":\"http:\/\/fortanstone.com\/wp-content\/uploads\/2022\/06\/fortanlogo.png\",\"contentUrl\":\"http:\/\/fortanstone.com\/wp-content\/uploads\/2022\/06\/fortanlogo.png\",\"width\":258,\"height\":186,\"caption\":\"Fortanstone - Losetas de Concreto Para Pisos y Fachadas\"},\"image\":{\"@id\":\"https:\/\/fortanstone.com\/#\/schema\/logo\/image\/\"},\"sameAs\":[\"https:\/\/www.facebook.com\/FortanStone\/\"]}]}<\/script>\n<!-- \/ Yoast SEO plugin. -->","yoast_head_json":{"title":"Distribuidores - Fortanstone","robots":{"index":"index","follow":"follow","max-snippet":"max-snippet:-1","max-image-preview":"max-image-preview:large","max-video-preview":"max-video-preview:-1"},"canonical":"https:\/\/fortanstone.com\/en\/distribuidores\/","og_locale":"en_US","og_type":"article","og_title":"Distribuidores - Fortanstone","og_description":"\u00danete a nuestra red de distribuidores Convierte en un distribuidor. \u00bfBuscas una oportunidad de negocio s\u00f3lida y rentable? Cont\u00e1ctanos para una asesor\u00eda personalizada y descubre c\u00f3mo puedes adquirir o comenzar a distribuir FORTAN, un producto con gran participaci\u00f3n en la industria. No pierdas la oportunidad de ser parte de nuestro \u00e9xito. Correo contacto@fortanstone.com Direcci\u00f3n P\u00e1jaros [&hellip;]","og_url":"https:\/\/fortanstone.com\/en\/distribuidores\/","og_site_name":"Fortanstone","article_publisher":"https:\/\/www.facebook.com\/FortanStone\/","article_modified_time":"2024-08-03T02:18:25+00:00","og_image":[{"url":"http:\/\/fortanstone.com\/wp-content\/uploads\/2022\/06\/losetas-uso-comercial.png","type":"","width":"","height":""}],"twitter_card":"summary_large_image","twitter_misc":{"Est. reading time":"2 minutes"},"schema":{"@context":"https:\/\/schema.org","@graph":[{"@type":"WebPage","@id":"https:\/\/fortanstone.com\/distribuidores\/","url":"https:\/\/fortanstone.com\/distribuidores\/","name":"Distribuidores - Fortanstone","isPartOf":{"@id":"https:\/\/fortanstone.com\/#website"},"primaryImageOfPage":{"@id":"https:\/\/fortanstone.com\/distribuidores\/#primaryimage"},"image":{"@id":"https:\/\/fortanstone.com\/distribuidores\/#primaryimage"},"thumbnailUrl":"http:\/\/fortanstone.com\/wp-content\/uploads\/2022\/06\/losetas-uso-comercial.png","datePublished":"2024-08-02T00:48:05+00:00","dateModified":"2024-08-03T02:18:25+00:00","breadcrumb":{"@id":"https:\/\/fortanstone.com\/distribuidores\/#breadcrumb"},"inLanguage":"en-US","potentialAction":[{"@type":"ReadAction","target":["https:\/\/fortanstone.com\/distribuidores\/"]}]},{"@type":"ImageObject","inLanguage":"en-US","@id":"https:\/\/fortanstone.com\/distribuidores\/#primaryimage","url":"http:\/\/fortanstone.com\/wp-content\/uploads\/2022\/06\/losetas-uso-comercial.png","contentUrl":"http:\/\/fortanstone.com\/wp-content\/uploads\/2022\/06\/losetas-uso-comercial.png"},{"@type":"BreadcrumbList","@id":"https:\/\/fortanstone.com\/distribuidores\/#breadcrumb","itemListElement":[{"@type":"ListItem","position":1,"name":"Inicio","item":"https:\/\/fortanstone.com\/"},{"@type":"ListItem","position":2,"name":"Distribuidores"}]},{"@type":"WebSite","@id":"https:\/\/fortanstone.com\/#website","url":"https:\/\/fortanstone.com\/","name":"Fortanstone","description":"Just another WordPress site","publisher":{"@id":"https:\/\/fortanstone.com\/#organization"},"potentialAction":[{"@type":"SearchAction","target":{"@type":"EntryPoint","urlTemplate":"https:\/\/fortanstone.com\/?s={search_term_string}"},"query-input":{"@type":"PropertyValueSpecification","valueRequired":true,"valueName":"search_term_string"}}],"inLanguage":"en-US"},{"@type":"Organization","@id":"https:\/\/fortanstone.com\/#organization","name":"Fortanstone - Losetas de Concreto Para Pisos y Fachadas","url":"https:\/\/fortanstone.com\/","logo":{"@type":"ImageObject","inLanguage":"en-US","@id":"https:\/\/fortanstone.com\/#\/schema\/logo\/image\/","url":"http:\/\/fortanstone.com\/wp-content\/uploads\/2022\/06\/fortanlogo.png","contentUrl":"http:\/\/fortanstone.com\/wp-content\/uploads\/2022\/06\/fortanlogo.png","width":258,"height":186,"caption":"Fortanstone - Losetas de Concreto Para Pisos y Fachadas"},"image":{"@id":"https:\/\/fortanstone.com\/#\/schema\/logo\/image\/"},"sameAs":["https:\/\/www.facebook.com\/FortanStone\/"]}]}},"_links":{"self":[{"href":"https:\/\/fortanstone.com\/en\/wp-json\/wp\/v2\/pages\/842","targetHints":{"allow":["GET"]}}],"collection":[{"href":"https:\/\/fortanstone.com\/en\/wp-json\/wp\/v2\/pages"}],"about":[{"href":"https:\/\/fortanstone.com\/en\/wp-json\/wp\/v2\/types\/page"}],"author":[{"embeddable":true,"href":"https:\/\/fortanstone.com\/en\/wp-json\/wp\/v2\/users\/1"}],"replies":[{"embeddable":true,"href":"https:\/\/fortanstone.com\/en\/wp-json\/wp\/v2\/comments?post=842"}],"version-history":[{"count":40,"href":"https:\/\/fortanstone.com\/en\/wp-json\/wp\/v2\/pages\/842\/revisions"}],"predecessor-version":[{"id":1098,"href":"https:\/\/fortanstone.com\/en\/wp-json\/wp\/v2\/pages\/842\/revisions\/1098"}],"wp:attachment":[{"href":"https:\/\/fortanstone.com\/en\/wp-json\/wp\/v2\/media?parent=842"}],"curies":[{"name":"wp","href":"https:\/\/api.w.org\/{rel}","templated":true}]}}