{"id":747,"date":"2023-03-17T18:26:02","date_gmt":"2023-03-17T18:26:02","guid":{"rendered":"https:\/\/fortanstone.com\/?page_id=747"},"modified":"2023-03-17T23:11:31","modified_gmt":"2023-03-17T23:11:31","slug":"icifed","status":"publish","type":"page","link":"https:\/\/fortanstone.com\/en\/icifed\/","title":{"rendered":"ICIFED"},"content":{"rendered":"<div data-elementor-type=\"wp-page\" data-elementor-id=\"747\" class=\"elementor elementor-747\">\n\t\t\t\t\t\t<section class=\"elementor-section elementor-top-section elementor-element elementor-element-c9db8aa elementor-section-height-min-height elementor-section-boxed elementor-section-height-default elementor-section-items-middle\" data-id=\"c9db8aa\" data-element_type=\"section\" data-settings=\"{&quot;background_background&quot;:&quot;classic&quot;}\">\n\t\t\t\t\t\t<div class=\"elementor-container elementor-column-gap-default\">\n\t\t\t\t\t<div class=\"elementor-column elementor-col-100 elementor-top-column elementor-element elementor-element-7f79929\" data-id=\"7f79929\" data-element_type=\"column\">\n\t\t\t<div class=\"elementor-widget-wrap elementor-element-populated\">\n\t\t\t\t\t\t<div class=\"elementor-element elementor-element-fe55469 elementor-widget elementor-widget-heading\" data-id=\"fe55469\" data-element_type=\"widget\" data-widget_type=\"heading.default\">\n\t\t\t\t<div class=\"elementor-widget-container\">\n\t\t\t\t\t<h2 class=\"elementor-heading-title elementor-size-default\">ICIFED <\/h2>\t\t\t\t<\/div>\n\t\t\t\t<\/div>\n\t\t\t\t\t<\/div>\n\t\t<\/div>\n\t\t\t\t\t<\/div>\n\t\t<\/section>\n\t\t\t\t<section class=\"elementor-section elementor-top-section elementor-element elementor-element-953a201 elementor-section-boxed elementor-section-height-default elementor-section-height-default\" data-id=\"953a201\" data-element_type=\"section\" data-settings=\"{&quot;background_background&quot;:&quot;classic&quot;}\">\n\t\t\t\t\t\t<div class=\"elementor-container elementor-column-gap-default\">\n\t\t\t\t\t<div class=\"elementor-column elementor-col-100 elementor-top-column elementor-element elementor-element-2bd7ae2\" data-id=\"2bd7ae2\" data-element_type=\"column\">\n\t\t\t<div class=\"elementor-widget-wrap elementor-element-populated\">\n\t\t\t\t\t\t<section class=\"elementor-section elementor-inner-section elementor-element elementor-element-bf31e80 elementor-section-boxed elementor-section-height-default elementor-section-height-default\" data-id=\"bf31e80\" data-element_type=\"section\">\n\t\t\t\t\t\t<div class=\"elementor-container elementor-column-gap-default\">\n\t\t\t\t\t<div class=\"elementor-column elementor-col-100 elementor-inner-column elementor-element elementor-element-ffdf90d elementor-invisible\" data-id=\"ffdf90d\" data-element_type=\"column\" data-settings=\"{&quot;animation&quot;:&quot;bounceInLeft&quot;}\">\n\t\t\t<div class=\"elementor-widget-wrap elementor-element-populated\">\n\t\t\t\t\t\t<div class=\"elementor-element elementor-element-50f8a82 elementor-widget elementor-widget-heading\" data-id=\"50f8a82\" data-element_type=\"widget\" data-widget_type=\"heading.default\">\n\t\t\t\t<div class=\"elementor-widget-container\">\n\t\t\t\t\t<h3 class=\"elementor-heading-title elementor-size-default\">ICIFED TERRAZZO FLOOR<\/h3>\t\t\t\t<\/div>\n\t\t\t\t<\/div>\n\t\t\t\t\t<\/div>\n\t\t<\/div>\n\t\t\t\t\t<\/div>\n\t\t<\/section>\n\t\t\t\t<section class=\"elementor-section elementor-inner-section elementor-element elementor-element-d3924d1 elementor-section-boxed elementor-section-height-default elementor-section-height-default\" data-id=\"d3924d1\" data-element_type=\"section\">\n\t\t\t\t\t\t<div class=\"elementor-container elementor-column-gap-default\">\n\t\t\t\t\t<div class=\"elementor-column elementor-col-50 elementor-inner-column elementor-element elementor-element-36a65e7\" data-id=\"36a65e7\" data-element_type=\"column\">\n\t\t\t<div class=\"elementor-widget-wrap elementor-element-populated\">\n\t\t\t\t\t\t<div class=\"elementor-element elementor-element-84da0c8 elementor-widget elementor-widget-image\" data-id=\"84da0c8\" data-element_type=\"widget\" data-widget_type=\"image.default\">\n\t\t\t\t<div class=\"elementor-widget-container\">\n\t\t\t\t\t\t\t\t\t\t\t\t\t\t\t\t<a href=\"https:\/\/fortanstone.com\/en\/loseta-de-concreto\/oxford\/\">\n\t\t\t\t\t\t\t<img fetchpriority=\"high\" decoding=\"async\" width=\"1000\" height=\"1000\" src=\"https:\/\/fortanstone.com\/wp-content\/uploads\/2023\/03\/loseta-oxford.png\" class=\"attachment-full size-full wp-image-737\" alt=\"\" srcset=\"https:\/\/fortanstone.com\/wp-content\/uploads\/2023\/03\/loseta-oxford.png 1000w, https:\/\/fortanstone.com\/wp-content\/uploads\/2023\/03\/loseta-oxford-300x300.png 300w, https:\/\/fortanstone.com\/wp-content\/uploads\/2023\/03\/loseta-oxford-150x150.png 150w, https:\/\/fortanstone.com\/wp-content\/uploads\/2023\/03\/loseta-oxford-768x768.png 768w, https:\/\/fortanstone.com\/wp-content\/uploads\/2023\/03\/loseta-oxford-12x12.png 12w, https:\/\/fortanstone.com\/wp-content\/uploads\/2023\/03\/loseta-oxford-600x600.png 600w, https:\/\/fortanstone.com\/wp-content\/uploads\/2023\/03\/loseta-oxford-100x100.png 100w\" sizes=\"(max-width: 1000px) 100vw, 1000px\" \/>\t\t\t\t\t\t\t\t<\/a>\n\t\t\t\t\t\t\t\t\t\t\t\t\t\t\t<\/div>\n\t\t\t\t<\/div>\n\t\t\t\t<div class=\"elementor-element elementor-element-6b003db elementor-widget elementor-widget-heading\" data-id=\"6b003db\" data-element_type=\"widget\" data-widget_type=\"heading.default\">\n\t\t\t\t<div class=\"elementor-widget-container\">\n\t\t\t\t\t<h2 class=\"elementor-heading-title elementor-size-default\"><a href=\"https:\/\/fortanstone.com\/en\/loseta-de-concreto\/oxford\/\">Oxford<\/a><\/h2>\t\t\t\t<\/div>\n\t\t\t\t<\/div>\n\t\t\t\t\t<\/div>\n\t\t<\/div>\n\t\t\t\t<div class=\"elementor-column elementor-col-50 elementor-inner-column elementor-element elementor-element-4197915\" data-id=\"4197915\" data-element_type=\"column\">\n\t\t\t<div class=\"elementor-widget-wrap elementor-element-populated\">\n\t\t\t\t\t\t<div class=\"elementor-element elementor-element-7e20b39 elementor-widget elementor-widget-image\" data-id=\"7e20b39\" data-element_type=\"widget\" data-widget_type=\"image.default\">\n\t\t\t\t<div class=\"elementor-widget-container\">\n\t\t\t\t\t\t\t\t\t\t\t\t\t\t\t\t<a href=\"https:\/\/fortanstone.com\/en\/loseta-de-concreto\/blanco\/\">\n\t\t\t\t\t\t\t<img decoding=\"async\" width=\"1000\" height=\"1000\" src=\"https:\/\/fortanstone.com\/wp-content\/uploads\/2023\/03\/loseta-blanco.png\" class=\"attachment-full size-full wp-image-736\" alt=\"\" srcset=\"https:\/\/fortanstone.com\/wp-content\/uploads\/2023\/03\/loseta-blanco.png 1000w, https:\/\/fortanstone.com\/wp-content\/uploads\/2023\/03\/loseta-blanco-300x300.png 300w, https:\/\/fortanstone.com\/wp-content\/uploads\/2023\/03\/loseta-blanco-150x150.png 150w, https:\/\/fortanstone.com\/wp-content\/uploads\/2023\/03\/loseta-blanco-768x768.png 768w, https:\/\/fortanstone.com\/wp-content\/uploads\/2023\/03\/loseta-blanco-12x12.png 12w, https:\/\/fortanstone.com\/wp-content\/uploads\/2023\/03\/loseta-blanco-600x600.png 600w, https:\/\/fortanstone.com\/wp-content\/uploads\/2023\/03\/loseta-blanco-100x100.png 100w\" sizes=\"(max-width: 1000px) 100vw, 1000px\" \/>\t\t\t\t\t\t\t\t<\/a>\n\t\t\t\t\t\t\t\t\t\t\t\t\t\t\t<\/div>\n\t\t\t\t<\/div>\n\t\t\t\t<div class=\"elementor-element elementor-element-0e1cee6 elementor-widget elementor-widget-heading\" data-id=\"0e1cee6\" data-element_type=\"widget\" data-widget_type=\"heading.default\">\n\t\t\t\t<div class=\"elementor-widget-container\">\n\t\t\t\t\t<h2 class=\"elementor-heading-title elementor-size-default\"><a href=\"https:\/\/fortanstone.com\/en\/loseta-de-concreto\/blanco\/\">White<\/a><\/h2>\t\t\t\t<\/div>\n\t\t\t\t<\/div>\n\t\t\t\t\t<\/div>\n\t\t<\/div>\n\t\t\t\t\t<\/div>\n\t\t<\/section>\n\t\t\t\t\t<\/div>\n\t\t<\/div>\n\t\t\t\t\t<\/div>\n\t\t<\/section>\n\t\t\t\t<section class=\"elementor-section elementor-top-section elementor-element elementor-element-3ed8c03 elementor-section-height-min-height elementor-section-boxed elementor-section-height-default elementor-section-items-middle\" data-id=\"3ed8c03\" data-element_type=\"section\" data-settings=\"{&quot;background_background&quot;:&quot;classic&quot;}\">\n\t\t\t\t\t\t<div class=\"elementor-container elementor-column-gap-default\">\n\t\t\t\t\t<div class=\"elementor-column elementor-col-100 elementor-top-column elementor-element elementor-element-64fffb0 elementor-invisible\" data-id=\"64fffb0\" data-element_type=\"column\" data-settings=\"{&quot;animation&quot;:&quot;bounceInUp&quot;}\">\n\t\t\t<div class=\"elementor-widget-wrap elementor-element-populated\">\n\t\t\t\t\t\t<div class=\"elementor-element elementor-element-3372d4d elementor-widget elementor-widget-heading\" data-id=\"3372d4d\" data-element_type=\"widget\" data-widget_type=\"heading.default\">\n\t\t\t\t<div class=\"elementor-widget-container\">\n\t\t\t\t\t<h2 class=\"elementor-heading-title elementor-size-default\">Losetas de concreto<\/h2>\t\t\t\t<\/div>\n\t\t\t\t<\/div>\n\t\t\t\t<div class=\"elementor-element elementor-element-1570a68 elementor-widget-divider--view-line elementor-widget elementor-widget-divider\" data-id=\"1570a68\" data-element_type=\"widget\" data-widget_type=\"divider.default\">\n\t\t\t\t<div class=\"elementor-widget-container\">\n\t\t\t\t\t\t\t<div class=\"elementor-divider\">\n\t\t\t<span class=\"elementor-divider-separator\">\n\t\t\t\t\t\t<\/span>\n\t\t<\/div>\n\t\t\t\t\t\t<\/div>\n\t\t\t\t<\/div>\n\t\t\t\t<section class=\"elementor-section elementor-inner-section elementor-element elementor-element-bc78c13 elementor-section-boxed elementor-section-height-default elementor-section-height-default\" data-id=\"bc78c13\" data-element_type=\"section\">\n\t\t\t\t\t\t<div class=\"elementor-container elementor-column-gap-default\">\n\t\t\t\t\t<div class=\"elementor-column elementor-col-33 elementor-inner-column elementor-element elementor-element-0db7af4\" data-id=\"0db7af4\" data-element_type=\"column\">\n\t\t\t<div class=\"elementor-widget-wrap elementor-element-populated\">\n\t\t\t\t\t\t<div class=\"elementor-element elementor-element-3c22991 elementor-widget elementor-widget-image\" data-id=\"3c22991\" data-element_type=\"widget\" data-widget_type=\"image.default\">\n\t\t\t\t<div class=\"elementor-widget-container\">\n\t\t\t\t\t\t\t\t\t\t\t\t\t\t\t<img decoding=\"async\" width=\"76\" height=\"75\" src=\"https:\/\/fortanstone.com\/wp-content\/uploads\/2022\/06\/losetas-uso-comercial.png\" class=\"attachment-large size-large wp-image-34\" alt=\"\" \/>\t\t\t\t\t\t\t\t\t\t\t\t\t\t\t<\/div>\n\t\t\t\t<\/div>\n\t\t\t\t<div class=\"elementor-element elementor-element-e42caba elementor-widget elementor-widget-heading\" data-id=\"e42caba\" data-element_type=\"widget\" data-widget_type=\"heading.default\">\n\t\t\t\t<div class=\"elementor-widget-container\">\n\t\t\t\t\t<h3 class=\"elementor-heading-title elementor-size-default\">Commercial Use<\/h3>\t\t\t\t<\/div>\n\t\t\t\t<\/div>\n\t\t\t\t<div class=\"elementor-element elementor-element-ab0fc2e elementor-widget elementor-widget-text-editor\" data-id=\"ab0fc2e\" data-element_type=\"widget\" data-widget_type=\"text-editor.default\">\n\t\t\t\t<div class=\"elementor-widget-container\">\n\t\t\t\t\t\t\t\t\t<p>Unique designs combining appearance, colors and style, with a great performance for areas of high pedestrian and \/ or vehicular traffic for commercial centers.<\/p><p><\/p>\t\t\t\t\t\t\t\t<\/div>\n\t\t\t\t<\/div>\n\t\t\t\t\t<\/div>\n\t\t<\/div>\n\t\t\t\t<div class=\"elementor-column elementor-col-33 elementor-inner-column elementor-element elementor-element-72bdd27\" data-id=\"72bdd27\" data-element_type=\"column\">\n\t\t\t<div class=\"elementor-widget-wrap elementor-element-populated\">\n\t\t\t\t\t\t<div class=\"elementor-element elementor-element-b56e50d elementor-widget elementor-widget-image\" data-id=\"b56e50d\" data-element_type=\"widget\" data-widget_type=\"image.default\">\n\t\t\t\t<div class=\"elementor-widget-container\">\n\t\t\t\t\t\t\t\t\t\t\t\t\t\t\t<img loading=\"lazy\" decoding=\"async\" width=\"76\" height=\"75\" src=\"https:\/\/fortanstone.com\/wp-content\/uploads\/2022\/06\/losetas-uso-residencial.png\" class=\"attachment-large size-large wp-image-35\" alt=\"\" \/>\t\t\t\t\t\t\t\t\t\t\t\t\t\t\t<\/div>\n\t\t\t\t<\/div>\n\t\t\t\t<div class=\"elementor-element elementor-element-ba88c2f elementor-widget elementor-widget-heading\" data-id=\"ba88c2f\" data-element_type=\"widget\" data-widget_type=\"heading.default\">\n\t\t\t\t<div class=\"elementor-widget-container\">\n\t\t\t\t\t<h3 class=\"elementor-heading-title elementor-size-default\">Residential Use<\/h3>\t\t\t\t<\/div>\n\t\t\t\t<\/div>\n\t\t\t\t<div class=\"elementor-element elementor-element-8d233d0 elementor-widget elementor-widget-text-editor\" data-id=\"8d233d0\" data-element_type=\"widget\" data-widget_type=\"text-editor.default\">\n\t\t\t\t<div class=\"elementor-widget-container\">\n\t\t\t\t\t\t\t\t\t<p>Use in walls and floors for any types of residential projects including terraces, garages and facades, in order to provide a striking and innovative style.<\/p><p><\/p>\t\t\t\t\t\t\t\t<\/div>\n\t\t\t\t<\/div>\n\t\t\t\t\t<\/div>\n\t\t<\/div>\n\t\t\t\t<div class=\"elementor-column elementor-col-33 elementor-inner-column elementor-element elementor-element-6031caa\" data-id=\"6031caa\" data-element_type=\"column\">\n\t\t\t<div class=\"elementor-widget-wrap elementor-element-populated\">\n\t\t\t\t\t\t<div class=\"elementor-element elementor-element-8a8b70c elementor-widget elementor-widget-image\" data-id=\"8a8b70c\" data-element_type=\"widget\" data-widget_type=\"image.default\">\n\t\t\t\t<div class=\"elementor-widget-container\">\n\t\t\t\t\t\t\t\t\t\t\t\t\t\t\t<img loading=\"lazy\" decoding=\"async\" width=\"76\" height=\"75\" src=\"https:\/\/fortanstone.com\/wp-content\/uploads\/2022\/06\/losetas-espacios-publicos.png\" class=\"attachment-large size-large wp-image-33\" alt=\"\" \/>\t\t\t\t\t\t\t\t\t\t\t\t\t\t\t<\/div>\n\t\t\t\t<\/div>\n\t\t\t\t<div class=\"elementor-element elementor-element-38ccf9a elementor-widget elementor-widget-heading\" data-id=\"38ccf9a\" data-element_type=\"widget\" data-widget_type=\"heading.default\">\n\t\t\t\t<div class=\"elementor-widget-container\">\n\t\t\t\t\t<h3 class=\"elementor-heading-title elementor-size-default\">Public Spaces<\/h3>\t\t\t\t<\/div>\n\t\t\t\t<\/div>\n\t\t\t\t<div class=\"elementor-element elementor-element-6c6e59b elementor-widget elementor-widget-text-editor\" data-id=\"6c6e59b\" data-element_type=\"widget\" data-widget_type=\"text-editor.default\">\n\t\t\t\t<div class=\"elementor-widget-container\">\n\t\t\t\t\t\t\t\t\t<p>Facades and flooring systems with an exclusive range of colors and mixtures of stone and concrete, for public squares, sidewalks, universities, etc.<\/p><p><\/p>\t\t\t\t\t\t\t\t<\/div>\n\t\t\t\t<\/div>\n\t\t\t\t\t<\/div>\n\t\t<\/div>\n\t\t\t\t\t<\/div>\n\t\t<\/section>\n\t\t\t\t\t<\/div>\n\t\t<\/div>\n\t\t\t\t\t<\/div>\n\t\t<\/section>\n\t\t\t\t<\/div>","protected":false},"excerpt":{"rendered":"<p>ICIFED PISO DE TERRAZO ICIFED Oxford Blanco Losetas de concreto Uso Comercial Dise\u00f1os \u00fanicos que combinan apariencia, color y estilo, con alto desempe\u00f1o para \u00e1reas de alto tr\u00e1fico peatonal y\/o vehicular para centros comerciales. Uso Residencial Uso en paredes y pisos para cualquier tipo de proyecto residencial como terrazas, cocheras y fachadas, para darles un [&hellip;]<\/p>","protected":false},"author":1,"featured_media":0,"parent":0,"menu_order":0,"comment_status":"closed","ping_status":"closed","template":"elementor_header_footer","meta":{"content-type":"","footnotes":""},"class_list":["post-747","page","type-page","status-publish","hentry"],"yoast_head":"<!-- This site is optimized with the Yoast SEO plugin v25.8 - https:\/\/yoast.com\/wordpress\/plugins\/seo\/ -->\n<title>ICIFED : Losetas de Concreto y Piso de Terrazo<\/title>\n<meta name=\"description\" content=\"Una loseta de concreto decorativa, te presentamos la loseta Duratt, alto rendimiento y durabilidad para tus proyectos.\" \/>\n<meta name=\"robots\" content=\"index, follow, max-snippet:-1, max-image-preview:large, max-video-preview:-1\" \/>\n<link rel=\"canonical\" href=\"https:\/\/fortanstone.com\/en\/icifed\/\" \/>\n<meta property=\"og:locale\" content=\"en_US\" \/>\n<meta property=\"og:type\" content=\"article\" \/>\n<meta property=\"og:title\" content=\"ICIFED : Losetas de Concreto y Piso de Terrazo\" \/>\n<meta property=\"og:description\" content=\"Una loseta de concreto decorativa, te presentamos la loseta Duratt, alto rendimiento y durabilidad para tus proyectos.\" \/>\n<meta property=\"og:url\" content=\"https:\/\/fortanstone.com\/en\/icifed\/\" \/>\n<meta property=\"og:site_name\" content=\"Fortanstone\" \/>\n<meta property=\"article:publisher\" content=\"https:\/\/www.facebook.com\/FortanStone\/\" \/>\n<meta property=\"article:modified_time\" content=\"2023-03-17T23:11:31+00:00\" \/>\n<meta property=\"og:image\" content=\"http:\/\/fortanstone.com\/wp-content\/uploads\/2023\/03\/loseta-oxford.png\" \/>\n<meta name=\"twitter:card\" content=\"summary_large_image\" \/>\n<meta name=\"twitter:label1\" content=\"Est. reading time\" \/>\n\t<meta name=\"twitter:data1\" content=\"2 minutes\" \/>\n<script type=\"application\/ld+json\" class=\"yoast-schema-graph\">{\"@context\":\"https:\/\/schema.org\",\"@graph\":[{\"@type\":\"WebPage\",\"@id\":\"https:\/\/fortanstone.com\/icifed\/\",\"url\":\"https:\/\/fortanstone.com\/icifed\/\",\"name\":\"ICIFED : Losetas de Concreto y Piso de Terrazo\",\"isPartOf\":{\"@id\":\"https:\/\/fortanstone.com\/#website\"},\"primaryImageOfPage\":{\"@id\":\"https:\/\/fortanstone.com\/icifed\/#primaryimage\"},\"image\":{\"@id\":\"https:\/\/fortanstone.com\/icifed\/#primaryimage\"},\"thumbnailUrl\":\"http:\/\/fortanstone.com\/wp-content\/uploads\/2023\/03\/loseta-oxford.png\",\"datePublished\":\"2023-03-17T18:26:02+00:00\",\"dateModified\":\"2023-03-17T23:11:31+00:00\",\"description\":\"Una loseta de concreto decorativa, te presentamos la loseta Duratt, alto rendimiento y durabilidad para tus proyectos.\",\"breadcrumb\":{\"@id\":\"https:\/\/fortanstone.com\/icifed\/#breadcrumb\"},\"inLanguage\":\"en-US\",\"potentialAction\":[{\"@type\":\"ReadAction\",\"target\":[\"https:\/\/fortanstone.com\/icifed\/\"]}]},{\"@type\":\"ImageObject\",\"inLanguage\":\"en-US\",\"@id\":\"https:\/\/fortanstone.com\/icifed\/#primaryimage\",\"url\":\"http:\/\/fortanstone.com\/wp-content\/uploads\/2023\/03\/loseta-oxford.png\",\"contentUrl\":\"http:\/\/fortanstone.com\/wp-content\/uploads\/2023\/03\/loseta-oxford.png\"},{\"@type\":\"BreadcrumbList\",\"@id\":\"https:\/\/fortanstone.com\/icifed\/#breadcrumb\",\"itemListElement\":[{\"@type\":\"ListItem\",\"position\":1,\"name\":\"Inicio\",\"item\":\"https:\/\/fortanstone.com\/\"},{\"@type\":\"ListItem\",\"position\":2,\"name\":\"ICIFED\"}]},{\"@type\":\"WebSite\",\"@id\":\"https:\/\/fortanstone.com\/#website\",\"url\":\"https:\/\/fortanstone.com\/\",\"name\":\"Fortanstone\",\"description\":\"Just another WordPress site\",\"publisher\":{\"@id\":\"https:\/\/fortanstone.com\/#organization\"},\"potentialAction\":[{\"@type\":\"SearchAction\",\"target\":{\"@type\":\"EntryPoint\",\"urlTemplate\":\"https:\/\/fortanstone.com\/?s={search_term_string}\"},\"query-input\":{\"@type\":\"PropertyValueSpecification\",\"valueRequired\":true,\"valueName\":\"search_term_string\"}}],\"inLanguage\":\"en-US\"},{\"@type\":\"Organization\",\"@id\":\"https:\/\/fortanstone.com\/#organization\",\"name\":\"Fortanstone - Losetas de Concreto Para Pisos y Fachadas\",\"url\":\"https:\/\/fortanstone.com\/\",\"logo\":{\"@type\":\"ImageObject\",\"inLanguage\":\"en-US\",\"@id\":\"https:\/\/fortanstone.com\/#\/schema\/logo\/image\/\",\"url\":\"http:\/\/fortanstone.com\/wp-content\/uploads\/2022\/06\/fortanlogo.png\",\"contentUrl\":\"http:\/\/fortanstone.com\/wp-content\/uploads\/2022\/06\/fortanlogo.png\",\"width\":258,\"height\":186,\"caption\":\"Fortanstone - Losetas de Concreto Para Pisos y Fachadas\"},\"image\":{\"@id\":\"https:\/\/fortanstone.com\/#\/schema\/logo\/image\/\"},\"sameAs\":[\"https:\/\/www.facebook.com\/FortanStone\/\"]}]}<\/script>\n<!-- \/ Yoast SEO plugin. -->","yoast_head_json":{"title":"ICIFED : Losetas de Concreto y Piso de Terrazo","description":"Una loseta de concreto decorativa, te presentamos la loseta Duratt, alto rendimiento y durabilidad para tus proyectos.","robots":{"index":"index","follow":"follow","max-snippet":"max-snippet:-1","max-image-preview":"max-image-preview:large","max-video-preview":"max-video-preview:-1"},"canonical":"https:\/\/fortanstone.com\/en\/icifed\/","og_locale":"en_US","og_type":"article","og_title":"ICIFED : Losetas de Concreto y Piso de Terrazo","og_description":"Una loseta de concreto decorativa, te presentamos la loseta Duratt, alto rendimiento y durabilidad para tus proyectos.","og_url":"https:\/\/fortanstone.com\/en\/icifed\/","og_site_name":"Fortanstone","article_publisher":"https:\/\/www.facebook.com\/FortanStone\/","article_modified_time":"2023-03-17T23:11:31+00:00","og_image":[{"url":"http:\/\/fortanstone.com\/wp-content\/uploads\/2023\/03\/loseta-oxford.png","type":"","width":"","height":""}],"twitter_card":"summary_large_image","twitter_misc":{"Est. reading time":"2 minutes"},"schema":{"@context":"https:\/\/schema.org","@graph":[{"@type":"WebPage","@id":"https:\/\/fortanstone.com\/icifed\/","url":"https:\/\/fortanstone.com\/icifed\/","name":"ICIFED : Losetas de Concreto y Piso de Terrazo","isPartOf":{"@id":"https:\/\/fortanstone.com\/#website"},"primaryImageOfPage":{"@id":"https:\/\/fortanstone.com\/icifed\/#primaryimage"},"image":{"@id":"https:\/\/fortanstone.com\/icifed\/#primaryimage"},"thumbnailUrl":"http:\/\/fortanstone.com\/wp-content\/uploads\/2023\/03\/loseta-oxford.png","datePublished":"2023-03-17T18:26:02+00:00","dateModified":"2023-03-17T23:11:31+00:00","description":"Una loseta de concreto decorativa, te presentamos la loseta Duratt, alto rendimiento y durabilidad para tus proyectos.","breadcrumb":{"@id":"https:\/\/fortanstone.com\/icifed\/#breadcrumb"},"inLanguage":"en-US","potentialAction":[{"@type":"ReadAction","target":["https:\/\/fortanstone.com\/icifed\/"]}]},{"@type":"ImageObject","inLanguage":"en-US","@id":"https:\/\/fortanstone.com\/icifed\/#primaryimage","url":"http:\/\/fortanstone.com\/wp-content\/uploads\/2023\/03\/loseta-oxford.png","contentUrl":"http:\/\/fortanstone.com\/wp-content\/uploads\/2023\/03\/loseta-oxford.png"},{"@type":"BreadcrumbList","@id":"https:\/\/fortanstone.com\/icifed\/#breadcrumb","itemListElement":[{"@type":"ListItem","position":1,"name":"Inicio","item":"https:\/\/fortanstone.com\/"},{"@type":"ListItem","position":2,"name":"ICIFED"}]},{"@type":"WebSite","@id":"https:\/\/fortanstone.com\/#website","url":"https:\/\/fortanstone.com\/","name":"Fortanstone","description":"Just another WordPress site","publisher":{"@id":"https:\/\/fortanstone.com\/#organization"},"potentialAction":[{"@type":"SearchAction","target":{"@type":"EntryPoint","urlTemplate":"https:\/\/fortanstone.com\/?s={search_term_string}"},"query-input":{"@type":"PropertyValueSpecification","valueRequired":true,"valueName":"search_term_string"}}],"inLanguage":"en-US"},{"@type":"Organization","@id":"https:\/\/fortanstone.com\/#organization","name":"Fortanstone - Losetas de Concreto Para Pisos y Fachadas","url":"https:\/\/fortanstone.com\/","logo":{"@type":"ImageObject","inLanguage":"en-US","@id":"https:\/\/fortanstone.com\/#\/schema\/logo\/image\/","url":"http:\/\/fortanstone.com\/wp-content\/uploads\/2022\/06\/fortanlogo.png","contentUrl":"http:\/\/fortanstone.com\/wp-content\/uploads\/2022\/06\/fortanlogo.png","width":258,"height":186,"caption":"Fortanstone - Losetas de Concreto Para Pisos y Fachadas"},"image":{"@id":"https:\/\/fortanstone.com\/#\/schema\/logo\/image\/"},"sameAs":["https:\/\/www.facebook.com\/FortanStone\/"]}]}},"_links":{"self":[{"href":"https:\/\/fortanstone.com\/en\/wp-json\/wp\/v2\/pages\/747","targetHints":{"allow":["GET"]}}],"collection":[{"href":"https:\/\/fortanstone.com\/en\/wp-json\/wp\/v2\/pages"}],"about":[{"href":"https:\/\/fortanstone.com\/en\/wp-json\/wp\/v2\/types\/page"}],"author":[{"embeddable":true,"href":"https:\/\/fortanstone.com\/en\/wp-json\/wp\/v2\/users\/1"}],"replies":[{"embeddable":true,"href":"https:\/\/fortanstone.com\/en\/wp-json\/wp\/v2\/comments?post=747"}],"version-history":[{"count":38,"href":"https:\/\/fortanstone.com\/en\/wp-json\/wp\/v2\/pages\/747\/revisions"}],"predecessor-version":[{"id":796,"href":"https:\/\/fortanstone.com\/en\/wp-json\/wp\/v2\/pages\/747\/revisions\/796"}],"wp:attachment":[{"href":"https:\/\/fortanstone.com\/en\/wp-json\/wp\/v2\/media?parent=747"}],"curies":[{"name":"wp","href":"https:\/\/api.w.org\/{rel}","templated":true}]}}