{"id":688,"date":"2023-03-10T00:40:26","date_gmt":"2023-03-10T00:40:26","guid":{"rendered":"https:\/\/fortanstone.com\/?page_id=688"},"modified":"2023-03-15T23:50:46","modified_gmt":"2023-03-15T23:50:46","slug":"loseta-duratt","status":"publish","type":"page","link":"https:\/\/fortanstone.com\/en\/loseta-duratt\/","title":{"rendered":"Duratt Tile"},"content":{"rendered":"<div data-elementor-type=\"wp-page\" data-elementor-id=\"688\" class=\"elementor elementor-688\">\n\t\t\t\t\t\t<section class=\"elementor-section elementor-top-section elementor-element elementor-element-c9db8aa elementor-section-height-min-height elementor-section-boxed elementor-section-height-default elementor-section-items-middle\" data-id=\"c9db8aa\" data-element_type=\"section\" data-settings=\"{&quot;background_background&quot;:&quot;classic&quot;}\">\n\t\t\t\t\t\t<div class=\"elementor-container elementor-column-gap-default\">\n\t\t\t\t\t<div class=\"elementor-column elementor-col-100 elementor-top-column elementor-element elementor-element-7f79929\" data-id=\"7f79929\" data-element_type=\"column\">\n\t\t\t<div class=\"elementor-widget-wrap elementor-element-populated\">\n\t\t\t\t\t\t<div class=\"elementor-element elementor-element-fe55469 elementor-widget elementor-widget-heading\" data-id=\"fe55469\" data-element_type=\"widget\" data-widget_type=\"heading.default\">\n\t\t\t\t<div class=\"elementor-widget-container\">\n\t\t\t\t\t<h2 class=\"elementor-heading-title elementor-size-default\">Duratt Tile<\/h2>\t\t\t\t<\/div>\n\t\t\t\t<\/div>\n\t\t\t\t\t<\/div>\n\t\t<\/div>\n\t\t\t\t\t<\/div>\n\t\t<\/section>\n\t\t\t\t<section class=\"elementor-section elementor-top-section elementor-element elementor-element-6624539 elementor-section-full_width elementor-section-stretched elementor-section-height-default elementor-section-height-default\" data-id=\"6624539\" data-element_type=\"section\" data-settings=\"{&quot;stretch_section&quot;:&quot;section-stretched&quot;}\">\n\t\t\t\t\t\t<div class=\"elementor-container elementor-column-gap-default\">\n\t\t\t\t\t<div class=\"elementor-column elementor-col-100 elementor-top-column elementor-element elementor-element-b52afb1\" data-id=\"b52afb1\" data-element_type=\"column\">\n\t\t\t<div class=\"elementor-widget-wrap elementor-element-populated\">\n\t\t\t\t\t\t<div class=\"elementor-element elementor-element-4e70181 elementor-widget elementor-widget-heading\" data-id=\"4e70181\" data-element_type=\"widget\" data-widget_type=\"heading.default\">\n\t\t\t\t<div class=\"elementor-widget-container\">\n\t\t\t\t\t<h2 class=\"elementor-heading-title elementor-size-default\">A decorative concrete tile.<\/h2>\t\t\t\t<\/div>\n\t\t\t\t<\/div>\n\t\t\t\t<section class=\"elementor-section elementor-inner-section elementor-element elementor-element-2d85f21 elementor-section-full_width elementor-section-height-default elementor-section-height-default\" data-id=\"2d85f21\" data-element_type=\"section\">\n\t\t\t\t\t\t<div class=\"elementor-container elementor-column-gap-default\">\n\t\t\t\t\t<div class=\"elementor-column elementor-col-33 elementor-inner-column elementor-element elementor-element-ffd3280\" data-id=\"ffd3280\" data-element_type=\"column\">\n\t\t\t<div class=\"elementor-widget-wrap elementor-element-populated\">\n\t\t\t\t\t\t<div class=\"elementor-element elementor-element-de9e982 elementor-position-top elementor-widget elementor-widget-image-box\" data-id=\"de9e982\" data-element_type=\"widget\" data-widget_type=\"image-box.default\">\n\t\t\t\t<div class=\"elementor-widget-container\">\n\t\t\t\t\t<div class=\"elementor-image-box-wrapper\"><figure class=\"elementor-image-box-img\"><img decoding=\"async\" width=\"128\" height=\"128\" src=\"https:\/\/fortanstone.com\/wp-content\/uploads\/2023\/03\/alta-resistencia.png\" class=\"attachment-full size-full wp-image-692\" alt=\"\" srcset=\"https:\/\/fortanstone.com\/wp-content\/uploads\/2023\/03\/alta-resistencia.png 128w, https:\/\/fortanstone.com\/wp-content\/uploads\/2023\/03\/alta-resistencia-12x12.png 12w, https:\/\/fortanstone.com\/wp-content\/uploads\/2023\/03\/alta-resistencia-100x100.png 100w\" sizes=\"(max-width: 128px) 100vw, 128px\" \/><\/figure><div class=\"elementor-image-box-content\"><h3 class=\"elementor-image-box-title\">Heavy duty<\/h3><p class=\"elementor-image-box-description\">A decorative concrete tile of high strength and durability, which adds great value and design to your project.<\/p><\/div><\/div>\t\t\t\t<\/div>\n\t\t\t\t<\/div>\n\t\t\t\t\t<\/div>\n\t\t<\/div>\n\t\t\t\t<div class=\"elementor-column elementor-col-33 elementor-inner-column elementor-element elementor-element-9a5f49d\" data-id=\"9a5f49d\" data-element_type=\"column\">\n\t\t\t<div class=\"elementor-widget-wrap elementor-element-populated\">\n\t\t\t\t\t\t<div class=\"elementor-element elementor-element-cf77fd6 elementor-widget elementor-widget-image\" data-id=\"cf77fd6\" data-element_type=\"widget\" data-widget_type=\"image.default\">\n\t\t\t\t<div class=\"elementor-widget-container\">\n\t\t\t\t\t\t\t\t\t\t\t\t\t\t\t<img fetchpriority=\"high\" decoding=\"async\" width=\"1000\" height=\"1000\" src=\"https:\/\/fortanstone.com\/wp-content\/uploads\/2023\/03\/loseta-duratt.png\" class=\"attachment-full size-full wp-image-690\" alt=\"\" srcset=\"https:\/\/fortanstone.com\/wp-content\/uploads\/2023\/03\/loseta-duratt.png 1000w, https:\/\/fortanstone.com\/wp-content\/uploads\/2023\/03\/loseta-duratt-300x300.png 300w, https:\/\/fortanstone.com\/wp-content\/uploads\/2023\/03\/loseta-duratt-150x150.png 150w, https:\/\/fortanstone.com\/wp-content\/uploads\/2023\/03\/loseta-duratt-768x768.png 768w, https:\/\/fortanstone.com\/wp-content\/uploads\/2023\/03\/loseta-duratt-12x12.png 12w, https:\/\/fortanstone.com\/wp-content\/uploads\/2023\/03\/loseta-duratt-600x600.png 600w, https:\/\/fortanstone.com\/wp-content\/uploads\/2023\/03\/loseta-duratt-100x100.png 100w\" sizes=\"(max-width: 1000px) 100vw, 1000px\" \/>\t\t\t\t\t\t\t\t\t\t\t\t\t\t\t<\/div>\n\t\t\t\t<\/div>\n\t\t\t\t\t<\/div>\n\t\t<\/div>\n\t\t\t\t<div class=\"elementor-column elementor-col-33 elementor-inner-column elementor-element elementor-element-ed1e2a7\" data-id=\"ed1e2a7\" data-element_type=\"column\">\n\t\t\t<div class=\"elementor-widget-wrap elementor-element-populated\">\n\t\t\t\t\t\t<div class=\"elementor-element elementor-element-c0d9433 elementor-position-top elementor-widget elementor-widget-image-box\" data-id=\"c0d9433\" data-element_type=\"widget\" data-widget_type=\"image-box.default\">\n\t\t\t\t<div class=\"elementor-widget-container\">\n\t\t\t\t\t<div class=\"elementor-image-box-wrapper\"><figure class=\"elementor-image-box-img\"><img decoding=\"async\" width=\"128\" height=\"128\" src=\"https:\/\/fortanstone.com\/wp-content\/uploads\/2023\/03\/mantenimiento-sencillo.png\" class=\"attachment-full size-full wp-image-696\" alt=\"\" srcset=\"https:\/\/fortanstone.com\/wp-content\/uploads\/2023\/03\/mantenimiento-sencillo.png 128w, https:\/\/fortanstone.com\/wp-content\/uploads\/2023\/03\/mantenimiento-sencillo-12x12.png 12w, https:\/\/fortanstone.com\/wp-content\/uploads\/2023\/03\/mantenimiento-sencillo-100x100.png 100w\" sizes=\"(max-width: 128px) 100vw, 128px\" \/><\/figure><div class=\"elementor-image-box-content\"><h3 class=\"elementor-image-box-title\">Low Maintenance<\/h3><p class=\"elementor-image-box-description\">Duratt tiles are easy to maintain, making them a great medium and long term investment in your project.<\/p><\/div><\/div>\t\t\t\t<\/div>\n\t\t\t\t<\/div>\n\t\t\t\t\t<\/div>\n\t\t<\/div>\n\t\t\t\t\t<\/div>\n\t\t<\/section>\n\t\t\t\t<div class=\"elementor-element elementor-element-9f04cfb elementor-align-center elementor-widget elementor-widget-button\" data-id=\"9f04cfb\" data-element_type=\"widget\" data-widget_type=\"button.default\">\n\t\t\t\t<div class=\"elementor-widget-container\">\n\t\t\t\t\t\t\t\t\t<div class=\"elementor-button-wrapper\">\n\t\t\t\t\t<a class=\"elementor-button elementor-button-link elementor-size-sm\" href=\"https:\/\/fortanstone.com\/en\/loseta-de-concreto\/duratt\/\">\n\t\t\t\t\t\t<span class=\"elementor-button-content-wrapper\">\n\t\t\t\t\t\t\t\t\t<span class=\"elementor-button-text\">Product Detail<\/span>\n\t\t\t\t\t<\/span>\n\t\t\t\t\t<\/a>\n\t\t\t\t<\/div>\n\t\t\t\t\t\t\t\t<\/div>\n\t\t\t\t<\/div>\n\t\t\t\t\t<\/div>\n\t\t<\/div>\n\t\t\t\t\t<\/div>\n\t\t<\/section>\n\t\t\t\t<section class=\"elementor-section elementor-top-section elementor-element elementor-element-3ed8c03 elementor-section-height-min-height elementor-section-boxed elementor-section-height-default elementor-section-items-middle\" data-id=\"3ed8c03\" data-element_type=\"section\" data-settings=\"{&quot;background_background&quot;:&quot;classic&quot;}\">\n\t\t\t\t\t\t<div class=\"elementor-container elementor-column-gap-default\">\n\t\t\t\t\t<div class=\"elementor-column elementor-col-100 elementor-top-column elementor-element elementor-element-64fffb0 elementor-invisible\" data-id=\"64fffb0\" data-element_type=\"column\" data-settings=\"{&quot;animation&quot;:&quot;bounceInUp&quot;}\">\n\t\t\t<div class=\"elementor-widget-wrap elementor-element-populated\">\n\t\t\t\t\t\t<div class=\"elementor-element elementor-element-3372d4d elementor-widget elementor-widget-heading\" data-id=\"3372d4d\" data-element_type=\"widget\" data-widget_type=\"heading.default\">\n\t\t\t\t<div class=\"elementor-widget-container\">\n\t\t\t\t\t<h2 class=\"elementor-heading-title elementor-size-default\">Losetas de concreto<\/h2>\t\t\t\t<\/div>\n\t\t\t\t<\/div>\n\t\t\t\t<div class=\"elementor-element elementor-element-1570a68 elementor-widget-divider--view-line elementor-widget elementor-widget-divider\" data-id=\"1570a68\" data-element_type=\"widget\" data-widget_type=\"divider.default\">\n\t\t\t\t<div class=\"elementor-widget-container\">\n\t\t\t\t\t\t\t<div class=\"elementor-divider\">\n\t\t\t<span class=\"elementor-divider-separator\">\n\t\t\t\t\t\t<\/span>\n\t\t<\/div>\n\t\t\t\t\t\t<\/div>\n\t\t\t\t<\/div>\n\t\t\t\t<section class=\"elementor-section elementor-inner-section elementor-element elementor-element-bc78c13 elementor-section-boxed elementor-section-height-default elementor-section-height-default\" data-id=\"bc78c13\" data-element_type=\"section\">\n\t\t\t\t\t\t<div class=\"elementor-container elementor-column-gap-default\">\n\t\t\t\t\t<div class=\"elementor-column elementor-col-33 elementor-inner-column elementor-element elementor-element-0db7af4\" data-id=\"0db7af4\" data-element_type=\"column\">\n\t\t\t<div class=\"elementor-widget-wrap elementor-element-populated\">\n\t\t\t\t\t\t<div class=\"elementor-element elementor-element-3c22991 elementor-widget elementor-widget-image\" data-id=\"3c22991\" data-element_type=\"widget\" data-widget_type=\"image.default\">\n\t\t\t\t<div class=\"elementor-widget-container\">\n\t\t\t\t\t\t\t\t\t\t\t\t\t\t\t<img loading=\"lazy\" decoding=\"async\" width=\"76\" height=\"75\" src=\"https:\/\/fortanstone.com\/wp-content\/uploads\/2022\/06\/losetas-uso-comercial.png\" class=\"attachment-large size-large wp-image-34\" alt=\"\" \/>\t\t\t\t\t\t\t\t\t\t\t\t\t\t\t<\/div>\n\t\t\t\t<\/div>\n\t\t\t\t<div class=\"elementor-element elementor-element-e42caba elementor-widget elementor-widget-heading\" data-id=\"e42caba\" data-element_type=\"widget\" data-widget_type=\"heading.default\">\n\t\t\t\t<div class=\"elementor-widget-container\">\n\t\t\t\t\t<h3 class=\"elementor-heading-title elementor-size-default\">Commercial Use<\/h3>\t\t\t\t<\/div>\n\t\t\t\t<\/div>\n\t\t\t\t<div class=\"elementor-element elementor-element-ab0fc2e elementor-widget elementor-widget-text-editor\" data-id=\"ab0fc2e\" data-element_type=\"widget\" data-widget_type=\"text-editor.default\">\n\t\t\t\t<div class=\"elementor-widget-container\">\n\t\t\t\t\t\t\t\t\t<p>Unique designs combining appearance, colors and style, with a great performance for areas of high pedestrian and \/ or vehicular traffic for commercial centers.<\/p><p><\/p>\t\t\t\t\t\t\t\t<\/div>\n\t\t\t\t<\/div>\n\t\t\t\t\t<\/div>\n\t\t<\/div>\n\t\t\t\t<div class=\"elementor-column elementor-col-33 elementor-inner-column elementor-element elementor-element-72bdd27\" data-id=\"72bdd27\" data-element_type=\"column\">\n\t\t\t<div class=\"elementor-widget-wrap elementor-element-populated\">\n\t\t\t\t\t\t<div class=\"elementor-element elementor-element-b56e50d elementor-widget elementor-widget-image\" data-id=\"b56e50d\" data-element_type=\"widget\" data-widget_type=\"image.default\">\n\t\t\t\t<div class=\"elementor-widget-container\">\n\t\t\t\t\t\t\t\t\t\t\t\t\t\t\t<img loading=\"lazy\" decoding=\"async\" width=\"76\" height=\"75\" src=\"https:\/\/fortanstone.com\/wp-content\/uploads\/2022\/06\/losetas-uso-residencial.png\" class=\"attachment-large size-large wp-image-35\" alt=\"\" \/>\t\t\t\t\t\t\t\t\t\t\t\t\t\t\t<\/div>\n\t\t\t\t<\/div>\n\t\t\t\t<div class=\"elementor-element elementor-element-ba88c2f elementor-widget elementor-widget-heading\" data-id=\"ba88c2f\" data-element_type=\"widget\" data-widget_type=\"heading.default\">\n\t\t\t\t<div class=\"elementor-widget-container\">\n\t\t\t\t\t<h3 class=\"elementor-heading-title elementor-size-default\">Residential Use<\/h3>\t\t\t\t<\/div>\n\t\t\t\t<\/div>\n\t\t\t\t<div class=\"elementor-element elementor-element-8d233d0 elementor-widget elementor-widget-text-editor\" data-id=\"8d233d0\" data-element_type=\"widget\" data-widget_type=\"text-editor.default\">\n\t\t\t\t<div class=\"elementor-widget-container\">\n\t\t\t\t\t\t\t\t\t<p>Use in walls and floors for any types of residential projects including terraces, garages and facades, in order to provide a striking and innovative style.<\/p><p><\/p>\t\t\t\t\t\t\t\t<\/div>\n\t\t\t\t<\/div>\n\t\t\t\t\t<\/div>\n\t\t<\/div>\n\t\t\t\t<div class=\"elementor-column elementor-col-33 elementor-inner-column elementor-element elementor-element-6031caa\" data-id=\"6031caa\" data-element_type=\"column\">\n\t\t\t<div class=\"elementor-widget-wrap elementor-element-populated\">\n\t\t\t\t\t\t<div class=\"elementor-element elementor-element-8a8b70c elementor-widget elementor-widget-image\" data-id=\"8a8b70c\" data-element_type=\"widget\" data-widget_type=\"image.default\">\n\t\t\t\t<div class=\"elementor-widget-container\">\n\t\t\t\t\t\t\t\t\t\t\t\t\t\t\t<img loading=\"lazy\" decoding=\"async\" width=\"76\" height=\"75\" src=\"https:\/\/fortanstone.com\/wp-content\/uploads\/2022\/06\/losetas-espacios-publicos.png\" class=\"attachment-large size-large wp-image-33\" alt=\"\" \/>\t\t\t\t\t\t\t\t\t\t\t\t\t\t\t<\/div>\n\t\t\t\t<\/div>\n\t\t\t\t<div class=\"elementor-element elementor-element-38ccf9a elementor-widget elementor-widget-heading\" data-id=\"38ccf9a\" data-element_type=\"widget\" data-widget_type=\"heading.default\">\n\t\t\t\t<div class=\"elementor-widget-container\">\n\t\t\t\t\t<h3 class=\"elementor-heading-title elementor-size-default\">Public Spaces<\/h3>\t\t\t\t<\/div>\n\t\t\t\t<\/div>\n\t\t\t\t<div class=\"elementor-element elementor-element-6c6e59b elementor-widget elementor-widget-text-editor\" data-id=\"6c6e59b\" data-element_type=\"widget\" data-widget_type=\"text-editor.default\">\n\t\t\t\t<div class=\"elementor-widget-container\">\n\t\t\t\t\t\t\t\t\t<p>Facades and flooring systems with an exclusive range of colors and mixtures of stone and concrete, for public squares, sidewalks, universities, etc.<\/p><p><\/p>\t\t\t\t\t\t\t\t<\/div>\n\t\t\t\t<\/div>\n\t\t\t\t\t<\/div>\n\t\t<\/div>\n\t\t\t\t\t<\/div>\n\t\t<\/section>\n\t\t\t\t\t<\/div>\n\t\t<\/div>\n\t\t\t\t\t<\/div>\n\t\t<\/section>\n\t\t\t\t<\/div>","protected":false},"excerpt":{"rendered":"<p>Loseta Duratt Una loseta de concreto decorativa. Alta Resistencia Una loseta de concreto decorativa de alta resistencia y durabilidad, la cual le aporta un gran valor y dise\u00f1o a su proyecto. F\u00e1cil Mantenimiento La loseta Duratt es de f\u00e1cil mantenimiento, por lo que le ser\u00e1 una gran inversi\u00f3n a mediano y largo plazo en su [&hellip;]<\/p>","protected":false},"author":1,"featured_media":0,"parent":0,"menu_order":0,"comment_status":"closed","ping_status":"closed","template":"elementor_header_footer","meta":{"content-type":"","footnotes":""},"class_list":["post-688","page","type-page","status-publish","hentry"],"yoast_head":"<!-- This site is optimized with the Yoast SEO plugin v25.8 - https:\/\/yoast.com\/wordpress\/plugins\/seo\/ -->\n<title>Loseta Duratt : Una Loseta de Concreto Decorativa<\/title>\n<meta name=\"description\" content=\"Una loseta de concreto decorativa, te presentamos la loseta Duratt, alto rendimiento y durabilidad para tus proyectos.\" \/>\n<meta name=\"robots\" content=\"index, follow, max-snippet:-1, max-image-preview:large, max-video-preview:-1\" \/>\n<link rel=\"canonical\" href=\"https:\/\/fortanstone.com\/en\/loseta-duratt\/\" \/>\n<meta property=\"og:locale\" content=\"en_US\" \/>\n<meta property=\"og:type\" content=\"article\" \/>\n<meta property=\"og:title\" content=\"Loseta Duratt : Una Loseta de Concreto Decorativa\" \/>\n<meta property=\"og:description\" content=\"Una loseta de concreto decorativa, te presentamos la loseta Duratt, alto rendimiento y durabilidad para tus proyectos.\" \/>\n<meta property=\"og:url\" content=\"https:\/\/fortanstone.com\/en\/loseta-duratt\/\" \/>\n<meta property=\"og:site_name\" content=\"Fortanstone\" \/>\n<meta property=\"article:publisher\" content=\"https:\/\/www.facebook.com\/FortanStone\/\" \/>\n<meta property=\"article:modified_time\" content=\"2023-03-15T23:50:46+00:00\" \/>\n<meta property=\"og:image\" content=\"http:\/\/fortanstone.com\/wp-content\/uploads\/2023\/03\/alta-resistencia.png\" \/>\n<meta name=\"twitter:card\" content=\"summary_large_image\" \/>\n<meta name=\"twitter:label1\" content=\"Est. reading time\" \/>\n\t<meta name=\"twitter:data1\" content=\"2 minutes\" \/>\n<script type=\"application\/ld+json\" class=\"yoast-schema-graph\">{\"@context\":\"https:\/\/schema.org\",\"@graph\":[{\"@type\":\"WebPage\",\"@id\":\"https:\/\/fortanstone.com\/loseta-duratt\/\",\"url\":\"https:\/\/fortanstone.com\/loseta-duratt\/\",\"name\":\"Loseta Duratt : Una Loseta de Concreto Decorativa\",\"isPartOf\":{\"@id\":\"https:\/\/fortanstone.com\/#website\"},\"primaryImageOfPage\":{\"@id\":\"https:\/\/fortanstone.com\/loseta-duratt\/#primaryimage\"},\"image\":{\"@id\":\"https:\/\/fortanstone.com\/loseta-duratt\/#primaryimage\"},\"thumbnailUrl\":\"http:\/\/fortanstone.com\/wp-content\/uploads\/2023\/03\/alta-resistencia.png\",\"datePublished\":\"2023-03-10T00:40:26+00:00\",\"dateModified\":\"2023-03-15T23:50:46+00:00\",\"description\":\"Una loseta de concreto decorativa, te presentamos la loseta Duratt, alto rendimiento y durabilidad para tus proyectos.\",\"breadcrumb\":{\"@id\":\"https:\/\/fortanstone.com\/loseta-duratt\/#breadcrumb\"},\"inLanguage\":\"en-US\",\"potentialAction\":[{\"@type\":\"ReadAction\",\"target\":[\"https:\/\/fortanstone.com\/loseta-duratt\/\"]}]},{\"@type\":\"ImageObject\",\"inLanguage\":\"en-US\",\"@id\":\"https:\/\/fortanstone.com\/loseta-duratt\/#primaryimage\",\"url\":\"http:\/\/fortanstone.com\/wp-content\/uploads\/2023\/03\/alta-resistencia.png\",\"contentUrl\":\"http:\/\/fortanstone.com\/wp-content\/uploads\/2023\/03\/alta-resistencia.png\"},{\"@type\":\"BreadcrumbList\",\"@id\":\"https:\/\/fortanstone.com\/loseta-duratt\/#breadcrumb\",\"itemListElement\":[{\"@type\":\"ListItem\",\"position\":1,\"name\":\"Inicio\",\"item\":\"https:\/\/fortanstone.com\/\"},{\"@type\":\"ListItem\",\"position\":2,\"name\":\"Loseta Duratt\"}]},{\"@type\":\"WebSite\",\"@id\":\"https:\/\/fortanstone.com\/#website\",\"url\":\"https:\/\/fortanstone.com\/\",\"name\":\"Fortanstone\",\"description\":\"Just another WordPress site\",\"publisher\":{\"@id\":\"https:\/\/fortanstone.com\/#organization\"},\"potentialAction\":[{\"@type\":\"SearchAction\",\"target\":{\"@type\":\"EntryPoint\",\"urlTemplate\":\"https:\/\/fortanstone.com\/?s={search_term_string}\"},\"query-input\":{\"@type\":\"PropertyValueSpecification\",\"valueRequired\":true,\"valueName\":\"search_term_string\"}}],\"inLanguage\":\"en-US\"},{\"@type\":\"Organization\",\"@id\":\"https:\/\/fortanstone.com\/#organization\",\"name\":\"Fortanstone - Losetas de Concreto Para Pisos y Fachadas\",\"url\":\"https:\/\/fortanstone.com\/\",\"logo\":{\"@type\":\"ImageObject\",\"inLanguage\":\"en-US\",\"@id\":\"https:\/\/fortanstone.com\/#\/schema\/logo\/image\/\",\"url\":\"http:\/\/fortanstone.com\/wp-content\/uploads\/2022\/06\/fortanlogo.png\",\"contentUrl\":\"http:\/\/fortanstone.com\/wp-content\/uploads\/2022\/06\/fortanlogo.png\",\"width\":258,\"height\":186,\"caption\":\"Fortanstone - Losetas de Concreto Para Pisos y Fachadas\"},\"image\":{\"@id\":\"https:\/\/fortanstone.com\/#\/schema\/logo\/image\/\"},\"sameAs\":[\"https:\/\/www.facebook.com\/FortanStone\/\"]}]}<\/script>\n<!-- \/ Yoast SEO plugin. -->","yoast_head_json":{"title":"Loseta Duratt : Una Loseta de Concreto Decorativa","description":"Una loseta de concreto decorativa, te presentamos la loseta Duratt, alto rendimiento y durabilidad para tus proyectos.","robots":{"index":"index","follow":"follow","max-snippet":"max-snippet:-1","max-image-preview":"max-image-preview:large","max-video-preview":"max-video-preview:-1"},"canonical":"https:\/\/fortanstone.com\/en\/loseta-duratt\/","og_locale":"en_US","og_type":"article","og_title":"Loseta Duratt : Una Loseta de Concreto Decorativa","og_description":"Una loseta de concreto decorativa, te presentamos la loseta Duratt, alto rendimiento y durabilidad para tus proyectos.","og_url":"https:\/\/fortanstone.com\/en\/loseta-duratt\/","og_site_name":"Fortanstone","article_publisher":"https:\/\/www.facebook.com\/FortanStone\/","article_modified_time":"2023-03-15T23:50:46+00:00","og_image":[{"url":"http:\/\/fortanstone.com\/wp-content\/uploads\/2023\/03\/alta-resistencia.png","type":"","width":"","height":""}],"twitter_card":"summary_large_image","twitter_misc":{"Est. reading time":"2 minutes"},"schema":{"@context":"https:\/\/schema.org","@graph":[{"@type":"WebPage","@id":"https:\/\/fortanstone.com\/loseta-duratt\/","url":"https:\/\/fortanstone.com\/loseta-duratt\/","name":"Loseta Duratt : Una Loseta de Concreto Decorativa","isPartOf":{"@id":"https:\/\/fortanstone.com\/#website"},"primaryImageOfPage":{"@id":"https:\/\/fortanstone.com\/loseta-duratt\/#primaryimage"},"image":{"@id":"https:\/\/fortanstone.com\/loseta-duratt\/#primaryimage"},"thumbnailUrl":"http:\/\/fortanstone.com\/wp-content\/uploads\/2023\/03\/alta-resistencia.png","datePublished":"2023-03-10T00:40:26+00:00","dateModified":"2023-03-15T23:50:46+00:00","description":"Una loseta de concreto decorativa, te presentamos la loseta Duratt, alto rendimiento y durabilidad para tus proyectos.","breadcrumb":{"@id":"https:\/\/fortanstone.com\/loseta-duratt\/#breadcrumb"},"inLanguage":"en-US","potentialAction":[{"@type":"ReadAction","target":["https:\/\/fortanstone.com\/loseta-duratt\/"]}]},{"@type":"ImageObject","inLanguage":"en-US","@id":"https:\/\/fortanstone.com\/loseta-duratt\/#primaryimage","url":"http:\/\/fortanstone.com\/wp-content\/uploads\/2023\/03\/alta-resistencia.png","contentUrl":"http:\/\/fortanstone.com\/wp-content\/uploads\/2023\/03\/alta-resistencia.png"},{"@type":"BreadcrumbList","@id":"https:\/\/fortanstone.com\/loseta-duratt\/#breadcrumb","itemListElement":[{"@type":"ListItem","position":1,"name":"Inicio","item":"https:\/\/fortanstone.com\/"},{"@type":"ListItem","position":2,"name":"Loseta Duratt"}]},{"@type":"WebSite","@id":"https:\/\/fortanstone.com\/#website","url":"https:\/\/fortanstone.com\/","name":"Fortanstone","description":"Just another WordPress site","publisher":{"@id":"https:\/\/fortanstone.com\/#organization"},"potentialAction":[{"@type":"SearchAction","target":{"@type":"EntryPoint","urlTemplate":"https:\/\/fortanstone.com\/?s={search_term_string}"},"query-input":{"@type":"PropertyValueSpecification","valueRequired":true,"valueName":"search_term_string"}}],"inLanguage":"en-US"},{"@type":"Organization","@id":"https:\/\/fortanstone.com\/#organization","name":"Fortanstone - Losetas de Concreto Para Pisos y Fachadas","url":"https:\/\/fortanstone.com\/","logo":{"@type":"ImageObject","inLanguage":"en-US","@id":"https:\/\/fortanstone.com\/#\/schema\/logo\/image\/","url":"http:\/\/fortanstone.com\/wp-content\/uploads\/2022\/06\/fortanlogo.png","contentUrl":"http:\/\/fortanstone.com\/wp-content\/uploads\/2022\/06\/fortanlogo.png","width":258,"height":186,"caption":"Fortanstone - Losetas de Concreto Para Pisos y Fachadas"},"image":{"@id":"https:\/\/fortanstone.com\/#\/schema\/logo\/image\/"},"sameAs":["https:\/\/www.facebook.com\/FortanStone\/"]}]}},"_links":{"self":[{"href":"https:\/\/fortanstone.com\/en\/wp-json\/wp\/v2\/pages\/688","targetHints":{"allow":["GET"]}}],"collection":[{"href":"https:\/\/fortanstone.com\/en\/wp-json\/wp\/v2\/pages"}],"about":[{"href":"https:\/\/fortanstone.com\/en\/wp-json\/wp\/v2\/types\/page"}],"author":[{"embeddable":true,"href":"https:\/\/fortanstone.com\/en\/wp-json\/wp\/v2\/users\/1"}],"replies":[{"embeddable":true,"href":"https:\/\/fortanstone.com\/en\/wp-json\/wp\/v2\/comments?post=688"}],"version-history":[{"count":33,"href":"https:\/\/fortanstone.com\/en\/wp-json\/wp\/v2\/pages\/688\/revisions"}],"predecessor-version":[{"id":743,"href":"https:\/\/fortanstone.com\/en\/wp-json\/wp\/v2\/pages\/688\/revisions\/743"}],"wp:attachment":[{"href":"https:\/\/fortanstone.com\/en\/wp-json\/wp\/v2\/media?parent=688"}],"curies":[{"name":"wp","href":"https:\/\/api.w.org\/{rel}","templated":true}]}}