{"id":227,"date":"2022-06-19T17:00:36","date_gmt":"2022-06-19T17:00:36","guid":{"rendered":"https:\/\/fortanstone.com\/?page_id=227"},"modified":"2022-06-19T17:05:13","modified_gmt":"2022-06-19T17:05:13","slug":"politica-de-privacidad","status":"publish","type":"page","link":"https:\/\/fortanstone.com\/en\/politica-de-privacidad\/","title":{"rendered":"Pol\u00edtica de Privacidad"},"content":{"rendered":"<div data-elementor-type=\"wp-page\" data-elementor-id=\"227\" class=\"elementor elementor-227\">\n\t\t\t\t\t\t<section class=\"elementor-section elementor-top-section elementor-element elementor-element-b3253ce elementor-section-height-min-height elementor-section-boxed elementor-section-height-default elementor-section-items-middle\" data-id=\"b3253ce\" data-element_type=\"section\" data-settings=\"{&quot;background_background&quot;:&quot;classic&quot;}\">\n\t\t\t\t\t\t<div class=\"elementor-container elementor-column-gap-default\">\n\t\t\t\t\t<div class=\"elementor-column elementor-col-100 elementor-top-column elementor-element elementor-element-7233287\" data-id=\"7233287\" data-element_type=\"column\">\n\t\t\t<div class=\"elementor-widget-wrap elementor-element-populated\">\n\t\t\t\t\t\t<div class=\"elementor-element elementor-element-6bc0923 elementor-widget elementor-widget-heading\" data-id=\"6bc0923\" data-element_type=\"widget\" data-widget_type=\"heading.default\">\n\t\t\t\t<div class=\"elementor-widget-container\">\n\t\t\t\t\t<h2 class=\"elementor-heading-title elementor-size-default\">Pol\u00edtica de Privacidad<\/h2>\t\t\t\t<\/div>\n\t\t\t\t<\/div>\n\t\t\t\t\t<\/div>\n\t\t<\/div>\n\t\t\t\t\t<\/div>\n\t\t<\/section>\n\t\t\t\t<section class=\"elementor-section elementor-top-section elementor-element elementor-element-938d5aa elementor-section-boxed elementor-section-height-default elementor-section-height-default\" data-id=\"938d5aa\" data-element_type=\"section\">\n\t\t\t\t\t\t<div class=\"elementor-container elementor-column-gap-default\">\n\t\t\t\t\t<div class=\"elementor-column elementor-col-100 elementor-top-column elementor-element elementor-element-5189ad6\" data-id=\"5189ad6\" data-element_type=\"column\">\n\t\t\t<div class=\"elementor-widget-wrap elementor-element-populated\">\n\t\t\t\t\t\t<div class=\"elementor-element elementor-element-3b94d8b elementor-widget elementor-widget-text-editor\" data-id=\"3b94d8b\" data-element_type=\"widget\" data-widget_type=\"text-editor.default\">\n\t\t\t\t<div class=\"elementor-widget-container\">\n\t\t\t\t\t\t\t\t\t<p>Gracias por visitar nuestro sitio web de Internet,\u00a0<a href=\"http:\/\/fortanstone.com\/en\/\">www.fortanstone.com<\/a>. Usted lleg\u00f3 a esta Pol\u00edtica de Privacidad a trav\u00e9s de una de las p\u00e1ginas del sitio mencionado, referido en este documento como \u00abeste sitio web\u00bb.<\/p><p>Esta pol\u00edtica de privacidad est\u00e1 sujeta a cambios por parte de PREFABRICADOS CONTEMPOR\u00c1NEOS, S.A. de C.V. (en adelante solo \u00abFortan\u00bb) en cualquier momento y a nuestra discreci\u00f3n sin previo aviso, actualizando esta publicaci\u00f3n.<\/p><p>Somos conscientes de la importancia que los usuarios de Internet tienen en relaci\u00f3n con la privacidad de su informaci\u00f3n, y el presente Aviso de Privacidad describe c\u00f3mo usamos la informaci\u00f3n personal que se recaba en nuestro sitios web.<\/p><p>Por favor lea esta Pol\u00edtica de Privacidad antes de utilizar este sitio web o enviar cualquier informaci\u00f3n personal.<\/p><p>Al utilizar este sitio Web, usted acepta las pol\u00edticas de privacidad contenidas en el presente Aviso de Privacidad. Se le anima a revisar el Aviso de Privacidad cada vez que visite el sitio web para asegurarse de que entiende c\u00f3mo se utilizar\u00e1 cualquier informaci\u00f3n personal que usted proporcione.<\/p><p>Es importante que entienda qu\u00e9 informaci\u00f3n recogemos y c\u00f3mo la utilizamos ya que el acceso a este sitio implica la aceptaci\u00f3n de nuestra Pol\u00edtica de Privacidad.<\/p><p><strong>POLITICA DE PRIVACIDAD.<\/strong><\/p><p>Con fundamento en los art\u00edculos 15 y 16 de la Ley Federal de Protecci\u00f3n de Datos Personales en Posesi\u00f3n de Particulares, hacemos de su conocimiento que Fortan, SA de CV, con domicilio en P\u00e1jaros Azulea 5057, Col. Nuevo Almaguer, 67183 Guadalupe, NL, es responsable de recabar sus datos personales, del uso que se le d\u00e9 a los mismos y de su protecci\u00f3n.<\/p><p>Su informaci\u00f3n personal ser\u00e1 utilizada para las siguientes finalidades: proveer los servicios y productos que ha solicitado; notificarle sobre nuevos servicios o productos que tengan relaci\u00f3n con los ya contratados o adquiridos; comunicarle sobre cambios en los mismos; elaborar estudios y programas que son necesarios para determinar h\u00e1bitos de consumo; realizar evaluaciones peri\u00f3dicas de nuestros productos y servicios a efecto de mejorar la calidad de los mismos; evaluar la calidad del servicio que brindamos, y en general, para dar cumplimiento a las obligaciones que hemos contra\u00eddo con usted.<\/p><p>Para las finalidades antes mencionadas, requerimos obtener los siguientes datos personales:<\/p><ul><li>Nombre completo<\/li><li>Tel\u00e9fono fijo y\/o celular<\/li><li>Correo electr\u00f3nico<\/li><li>Address<\/li><\/ul><p>Es importante informarle que usted tiene derecho al Acceso, Rectificaci\u00f3n y Cancelaci\u00f3n de sus datos personales, a Oponerse al tratamiento de los mismos o a revocar el consentimiento que para dicho fin nos haya otorgado.<\/p><p>Para ello, es necesario que env\u00ede la solicitud en los t\u00e9rminos que marca la Ley en su Art. 29 a DEPARTAMENTO DE PROTECCI\u00d3N DE DATOS, responsable de nuestro Departamento de Protecci\u00f3n de Datos Personales, ubicado en Prefabricados Contempor\u00e1neos, SA de CV, con domicilio en P\u00e1jaros Azules 5057, Col. Nuevo Almaguer, 67183, Guadalupe, NL, o bien, se comunique al tel\u00e9fono (81) 8315-1080 o v\u00eda correo electr\u00f3nico a\u00a0<a href=\"mailto:info@fortanstone.com\">info@fortanstone.com<\/a>, el cual solicitamos confirme v\u00eda telef\u00f3nica para garantizar su correcta recepci\u00f3n.<\/p><p><strong>Importante:<\/strong>\u00a0Cualquier modificaci\u00f3n a este Aviso de Privacidad podr\u00e1 consultarlo en esta misma p\u00e1gina,\u00a0<a href=\"http:\/\/fortanstone.com\/en\/aviso-de-privacidad\/\">fortanstone.com\/aviso-de-privacidad\/<\/a><br \/>Fecha de \u00faltima actualizaci\u00f3n: <strong>19\/06\/2022<\/strong><\/p><p>Copyright \u00a9 2022 \u2013 <a title=\"Prefabricados Contempor\u00e1neos\" href=\"http:\/\/fortanstone.com\/en\/\" target=\"_blank;\" rel=\"noopener noreferrer; noreferrer\">Fortan<\/a>\u00a0| Todos los Derechos Reservados. La reproducci\u00f3n o publicaci\u00f3n no autorizada de cualquier material de este sitio est\u00e1 expresamente prohibida.<\/p>\t\t\t\t\t\t\t\t<\/div>\n\t\t\t\t<\/div>\n\t\t\t\t\t<\/div>\n\t\t<\/div>\n\t\t\t\t\t<\/div>\n\t\t<\/section>\n\t\t\t\t<\/div>","protected":false},"excerpt":{"rendered":"<p>Pol\u00edtica de Privacidad Gracias por visitar nuestro sitio web de Internet,\u00a0www.fortanstone.com. Usted lleg\u00f3 a esta Pol\u00edtica de Privacidad a trav\u00e9s de una de las p\u00e1ginas del sitio mencionado, referido en este documento como \u00abeste sitio web\u00bb. Esta pol\u00edtica de privacidad est\u00e1 sujeta a cambios por parte de PREFABRICADOS CONTEMPOR\u00c1NEOS, S.A. de C.V. (en adelante solo [&hellip;]<\/p>","protected":false},"author":1,"featured_media":0,"parent":0,"menu_order":0,"comment_status":"closed","ping_status":"closed","template":"elementor_header_footer","meta":{"content-type":"","footnotes":""},"class_list":["post-227","page","type-page","status-publish","hentry"],"yoast_head":"<!-- This site is optimized with the Yoast SEO plugin v25.8 - https:\/\/yoast.com\/wordpress\/plugins\/seo\/ -->\n<title>Pol\u00edtica de Privacidad - Fortanstone<\/title>\n<meta name=\"robots\" content=\"index, follow, max-snippet:-1, max-image-preview:large, max-video-preview:-1\" \/>\n<link rel=\"canonical\" href=\"https:\/\/fortanstone.com\/en\/politica-de-privacidad\/\" \/>\n<meta property=\"og:locale\" content=\"en_US\" \/>\n<meta property=\"og:type\" content=\"article\" \/>\n<meta property=\"og:title\" content=\"Pol\u00edtica de Privacidad - Fortanstone\" \/>\n<meta property=\"og:description\" content=\"Pol\u00edtica de Privacidad Gracias por visitar nuestro sitio web de Internet,\u00a0www.fortanstone.com. Usted lleg\u00f3 a esta Pol\u00edtica de Privacidad a trav\u00e9s de una de las p\u00e1ginas del sitio mencionado, referido en este documento como \u00abeste sitio web\u00bb. Esta pol\u00edtica de privacidad est\u00e1 sujeta a cambios por parte de PREFABRICADOS CONTEMPOR\u00c1NEOS, S.A. de C.V. (en adelante solo [&hellip;]\" \/>\n<meta property=\"og:url\" content=\"https:\/\/fortanstone.com\/en\/politica-de-privacidad\/\" \/>\n<meta property=\"og:site_name\" content=\"Fortanstone\" \/>\n<meta property=\"article:publisher\" content=\"https:\/\/www.facebook.com\/FortanStone\/\" \/>\n<meta property=\"article:modified_time\" content=\"2022-06-19T17:05:13+00:00\" \/>\n<meta name=\"twitter:card\" content=\"summary_large_image\" \/>\n<meta name=\"twitter:label1\" content=\"Est. reading time\" \/>\n\t<meta name=\"twitter:data1\" content=\"3 minutes\" \/>\n<script type=\"application\/ld+json\" class=\"yoast-schema-graph\">{\"@context\":\"https:\/\/schema.org\",\"@graph\":[{\"@type\":\"WebPage\",\"@id\":\"https:\/\/fortanstone.com\/politica-de-privacidad\/\",\"url\":\"https:\/\/fortanstone.com\/politica-de-privacidad\/\",\"name\":\"Pol\u00edtica de Privacidad - Fortanstone\",\"isPartOf\":{\"@id\":\"https:\/\/fortanstone.com\/#website\"},\"datePublished\":\"2022-06-19T17:00:36+00:00\",\"dateModified\":\"2022-06-19T17:05:13+00:00\",\"breadcrumb\":{\"@id\":\"https:\/\/fortanstone.com\/politica-de-privacidad\/#breadcrumb\"},\"inLanguage\":\"en-US\",\"potentialAction\":[{\"@type\":\"ReadAction\",\"target\":[\"https:\/\/fortanstone.com\/politica-de-privacidad\/\"]}]},{\"@type\":\"BreadcrumbList\",\"@id\":\"https:\/\/fortanstone.com\/politica-de-privacidad\/#breadcrumb\",\"itemListElement\":[{\"@type\":\"ListItem\",\"position\":1,\"name\":\"Inicio\",\"item\":\"https:\/\/fortanstone.com\/\"},{\"@type\":\"ListItem\",\"position\":2,\"name\":\"Pol\u00edtica de Privacidad\"}]},{\"@type\":\"WebSite\",\"@id\":\"https:\/\/fortanstone.com\/#website\",\"url\":\"https:\/\/fortanstone.com\/\",\"name\":\"Fortanstone\",\"description\":\"Just another WordPress site\",\"publisher\":{\"@id\":\"https:\/\/fortanstone.com\/#organization\"},\"potentialAction\":[{\"@type\":\"SearchAction\",\"target\":{\"@type\":\"EntryPoint\",\"urlTemplate\":\"https:\/\/fortanstone.com\/?s={search_term_string}\"},\"query-input\":{\"@type\":\"PropertyValueSpecification\",\"valueRequired\":true,\"valueName\":\"search_term_string\"}}],\"inLanguage\":\"en-US\"},{\"@type\":\"Organization\",\"@id\":\"https:\/\/fortanstone.com\/#organization\",\"name\":\"Fortanstone - Losetas de Concreto Para Pisos y Fachadas\",\"url\":\"https:\/\/fortanstone.com\/\",\"logo\":{\"@type\":\"ImageObject\",\"inLanguage\":\"en-US\",\"@id\":\"https:\/\/fortanstone.com\/#\/schema\/logo\/image\/\",\"url\":\"http:\/\/fortanstone.com\/wp-content\/uploads\/2022\/06\/fortanlogo.png\",\"contentUrl\":\"http:\/\/fortanstone.com\/wp-content\/uploads\/2022\/06\/fortanlogo.png\",\"width\":258,\"height\":186,\"caption\":\"Fortanstone - Losetas de Concreto Para Pisos y Fachadas\"},\"image\":{\"@id\":\"https:\/\/fortanstone.com\/#\/schema\/logo\/image\/\"},\"sameAs\":[\"https:\/\/www.facebook.com\/FortanStone\/\"]}]}<\/script>\n<!-- \/ Yoast SEO plugin. -->","yoast_head_json":{"title":"Pol\u00edtica de Privacidad - Fortanstone","robots":{"index":"index","follow":"follow","max-snippet":"max-snippet:-1","max-image-preview":"max-image-preview:large","max-video-preview":"max-video-preview:-1"},"canonical":"https:\/\/fortanstone.com\/en\/politica-de-privacidad\/","og_locale":"en_US","og_type":"article","og_title":"Pol\u00edtica de Privacidad - Fortanstone","og_description":"Pol\u00edtica de Privacidad Gracias por visitar nuestro sitio web de Internet,\u00a0www.fortanstone.com. Usted lleg\u00f3 a esta Pol\u00edtica de Privacidad a trav\u00e9s de una de las p\u00e1ginas del sitio mencionado, referido en este documento como \u00abeste sitio web\u00bb. Esta pol\u00edtica de privacidad est\u00e1 sujeta a cambios por parte de PREFABRICADOS CONTEMPOR\u00c1NEOS, S.A. de C.V. (en adelante solo [&hellip;]","og_url":"https:\/\/fortanstone.com\/en\/politica-de-privacidad\/","og_site_name":"Fortanstone","article_publisher":"https:\/\/www.facebook.com\/FortanStone\/","article_modified_time":"2022-06-19T17:05:13+00:00","twitter_card":"summary_large_image","twitter_misc":{"Est. reading time":"3 minutes"},"schema":{"@context":"https:\/\/schema.org","@graph":[{"@type":"WebPage","@id":"https:\/\/fortanstone.com\/politica-de-privacidad\/","url":"https:\/\/fortanstone.com\/politica-de-privacidad\/","name":"Pol\u00edtica de Privacidad - Fortanstone","isPartOf":{"@id":"https:\/\/fortanstone.com\/#website"},"datePublished":"2022-06-19T17:00:36+00:00","dateModified":"2022-06-19T17:05:13+00:00","breadcrumb":{"@id":"https:\/\/fortanstone.com\/politica-de-privacidad\/#breadcrumb"},"inLanguage":"en-US","potentialAction":[{"@type":"ReadAction","target":["https:\/\/fortanstone.com\/politica-de-privacidad\/"]}]},{"@type":"BreadcrumbList","@id":"https:\/\/fortanstone.com\/politica-de-privacidad\/#breadcrumb","itemListElement":[{"@type":"ListItem","position":1,"name":"Inicio","item":"https:\/\/fortanstone.com\/"},{"@type":"ListItem","position":2,"name":"Pol\u00edtica de Privacidad"}]},{"@type":"WebSite","@id":"https:\/\/fortanstone.com\/#website","url":"https:\/\/fortanstone.com\/","name":"Fortanstone","description":"Just another WordPress site","publisher":{"@id":"https:\/\/fortanstone.com\/#organization"},"potentialAction":[{"@type":"SearchAction","target":{"@type":"EntryPoint","urlTemplate":"https:\/\/fortanstone.com\/?s={search_term_string}"},"query-input":{"@type":"PropertyValueSpecification","valueRequired":true,"valueName":"search_term_string"}}],"inLanguage":"en-US"},{"@type":"Organization","@id":"https:\/\/fortanstone.com\/#organization","name":"Fortanstone - Losetas de Concreto Para Pisos y Fachadas","url":"https:\/\/fortanstone.com\/","logo":{"@type":"ImageObject","inLanguage":"en-US","@id":"https:\/\/fortanstone.com\/#\/schema\/logo\/image\/","url":"http:\/\/fortanstone.com\/wp-content\/uploads\/2022\/06\/fortanlogo.png","contentUrl":"http:\/\/fortanstone.com\/wp-content\/uploads\/2022\/06\/fortanlogo.png","width":258,"height":186,"caption":"Fortanstone - Losetas de Concreto Para Pisos y Fachadas"},"image":{"@id":"https:\/\/fortanstone.com\/#\/schema\/logo\/image\/"},"sameAs":["https:\/\/www.facebook.com\/FortanStone\/"]}]}},"_links":{"self":[{"href":"https:\/\/fortanstone.com\/en\/wp-json\/wp\/v2\/pages\/227","targetHints":{"allow":["GET"]}}],"collection":[{"href":"https:\/\/fortanstone.com\/en\/wp-json\/wp\/v2\/pages"}],"about":[{"href":"https:\/\/fortanstone.com\/en\/wp-json\/wp\/v2\/types\/page"}],"author":[{"embeddable":true,"href":"https:\/\/fortanstone.com\/en\/wp-json\/wp\/v2\/users\/1"}],"replies":[{"embeddable":true,"href":"https:\/\/fortanstone.com\/en\/wp-json\/wp\/v2\/comments?post=227"}],"version-history":[{"count":7,"href":"https:\/\/fortanstone.com\/en\/wp-json\/wp\/v2\/pages\/227\/revisions"}],"predecessor-version":[{"id":234,"href":"https:\/\/fortanstone.com\/en\/wp-json\/wp\/v2\/pages\/227\/revisions\/234"}],"wp:attachment":[{"href":"https:\/\/fortanstone.com\/en\/wp-json\/wp\/v2\/media?parent=227"}],"curies":[{"name":"wp","href":"https:\/\/api.w.org\/{rel}","templated":true}]}}