{"id":100,"date":"2022-06-16T06:12:08","date_gmt":"2022-06-16T06:12:08","guid":{"rendered":"https:\/\/fortanstone.com\/?page_id=100"},"modified":"2024-08-03T02:17:23","modified_gmt":"2024-08-03T02:17:23","slug":"contacto","status":"publish","type":"page","link":"https:\/\/fortanstone.com\/en\/contacto\/","title":{"rendered":"Contact Us"},"content":{"rendered":"<div data-elementor-type=\"wp-page\" data-elementor-id=\"100\" class=\"elementor elementor-100\">\n\t\t\t\t\t\t<section class=\"elementor-section elementor-top-section elementor-element elementor-element-f246df4 elementor-section-full_width elementor-section-height-full elementor-section-height-default elementor-section-items-middle\" data-id=\"f246df4\" data-element_type=\"section\">\n\t\t\t\t\t\t<div class=\"elementor-container elementor-column-gap-no\">\n\t\t\t\t\t<div class=\"elementor-column elementor-col-50 elementor-top-column elementor-element elementor-element-6f0d2c9 elementor-invisible\" data-id=\"6f0d2c9\" data-element_type=\"column\" data-settings=\"{&quot;animation&quot;:&quot;bounceInLeft&quot;}\">\n\t\t\t<div class=\"elementor-widget-wrap elementor-element-populated\">\n\t\t\t\t\t\t<div class=\"elementor-element elementor-element-d8d5628 elementor-widget elementor-widget-heading\" data-id=\"d8d5628\" data-element_type=\"widget\" data-widget_type=\"heading.default\">\n\t\t\t\t<div class=\"elementor-widget-container\">\n\t\t\t\t\t<h2 class=\"elementor-heading-title elementor-size-default\">Contact Us<\/h2>\t\t\t\t<\/div>\n\t\t\t\t<\/div>\n\t\t\t\t<div class=\"elementor-element elementor-element-6ae049b elementor-widget-divider--view-line elementor-widget elementor-widget-divider\" data-id=\"6ae049b\" data-element_type=\"widget\" data-widget_type=\"divider.default\">\n\t\t\t\t<div class=\"elementor-widget-container\">\n\t\t\t\t\t\t\t<div class=\"elementor-divider\">\n\t\t\t<span class=\"elementor-divider-separator\">\n\t\t\t\t\t\t<\/span>\n\t\t<\/div>\n\t\t\t\t\t\t<\/div>\n\t\t\t\t<\/div>\n\t\t\t\t<div class=\"elementor-element elementor-element-d103f4c elementor-widget elementor-widget-heading\" data-id=\"d103f4c\" data-element_type=\"widget\" data-widget_type=\"heading.default\">\n\t\t\t\t<div class=\"elementor-widget-container\">\n\t\t\t\t\t<h2 class=\"elementor-heading-title elementor-size-default\">Buy our product.<\/h2>\t\t\t\t<\/div>\n\t\t\t\t<\/div>\n\t\t\t\t<div class=\"elementor-element elementor-element-dc836ac elementor-widget elementor-widget-text-editor\" data-id=\"dc836ac\" data-element_type=\"widget\" data-widget_type=\"text-editor.default\">\n\t\t\t\t<div class=\"elementor-widget-container\">\n\t\t\t\t\t\t\t\t\t<p class=\"translation-block\">Get in touch with us for a personalized consultancy, acquire or start distributing <strong>FORTAN<\/strong> with a great participation in the industry.<\/p>\t\t\t\t\t\t\t\t<\/div>\n\t\t\t\t<\/div>\n\t\t\t\t<div class=\"elementor-element elementor-element-66bdc6d elementor-widget elementor-widget-button\" data-id=\"66bdc6d\" data-element_type=\"widget\" data-widget_type=\"button.default\">\n\t\t\t\t<div class=\"elementor-widget-container\">\n\t\t\t\t\t\t\t\t\t<div class=\"elementor-button-wrapper\">\n\t\t\t\t\t<a class=\"elementor-button elementor-button-link elementor-size-sm\" href=\"https:\/\/fortanstone.com\/en\/productos\/\">\n\t\t\t\t\t\t<span class=\"elementor-button-content-wrapper\">\n\t\t\t\t\t\t\t\t\t<span class=\"elementor-button-text\">Learn about our products<\/span>\n\t\t\t\t\t<\/span>\n\t\t\t\t\t<\/a>\n\t\t\t\t<\/div>\n\t\t\t\t\t\t\t\t<\/div>\n\t\t\t\t<\/div>\n\t\t\t\t\t<\/div>\n\t\t<\/div>\n\t\t\t\t<div class=\"elementor-column elementor-col-50 elementor-top-column elementor-element elementor-element-ba8e9a0\" data-id=\"ba8e9a0\" data-element_type=\"column\" data-settings=\"{&quot;background_background&quot;:&quot;classic&quot;}\">\n\t\t\t<div class=\"elementor-widget-wrap elementor-element-populated\">\n\t\t\t\t\t\t<section class=\"elementor-section elementor-inner-section elementor-element elementor-element-9379ac9 elementor-section-height-full elementor-section-boxed elementor-section-height-default\" data-id=\"9379ac9\" data-element_type=\"section\" data-settings=\"{&quot;background_background&quot;:&quot;classic&quot;}\">\n\t\t\t\t\t\t\t<div class=\"elementor-background-overlay\"><\/div>\n\t\t\t\t\t\t\t<div class=\"elementor-container elementor-column-gap-no\">\n\t\t\t\t\t<div class=\"elementor-column elementor-col-100 elementor-inner-column elementor-element elementor-element-67cbb29\" data-id=\"67cbb29\" data-element_type=\"column\">\n\t\t\t<div class=\"elementor-widget-wrap elementor-element-populated\">\n\t\t\t\t\t\t<div class=\"elementor-element elementor-element-51c864b elementor-widget elementor-widget-heading\" data-id=\"51c864b\" data-element_type=\"widget\" data-widget_type=\"heading.default\">\n\t\t\t\t<div class=\"elementor-widget-container\">\n\t\t\t\t\t<h2 class=\"elementor-heading-title elementor-size-default\">Email<\/h2>\t\t\t\t<\/div>\n\t\t\t\t<\/div>\n\t\t\t\t<div class=\"elementor-element elementor-element-d0c0048 elementor-widget elementor-widget-text-editor\" data-id=\"d0c0048\" data-element_type=\"widget\" data-widget_type=\"text-editor.default\">\n\t\t\t\t<div class=\"elementor-widget-container\">\n\t\t\t\t\t\t\t\t\t<p>contacto@fortanstone.com<\/p><p><\/p>\t\t\t\t\t\t\t\t<\/div>\n\t\t\t\t<\/div>\n\t\t\t\t<div class=\"elementor-element elementor-element-05110e0 elementor-widget elementor-widget-heading\" data-id=\"05110e0\" data-element_type=\"widget\" data-widget_type=\"heading.default\">\n\t\t\t\t<div class=\"elementor-widget-container\">\n\t\t\t\t\t<h2 class=\"elementor-heading-title elementor-size-default\">Address<\/h2>\t\t\t\t<\/div>\n\t\t\t\t<\/div>\n\t\t\t\t<div class=\"elementor-element elementor-element-62829b2 elementor-widget elementor-widget-text-editor\" data-id=\"62829b2\" data-element_type=\"widget\" data-widget_type=\"text-editor.default\">\n\t\t\t\t<div class=\"elementor-widget-container\">\n\t\t\t\t\t\t\t\t\t<p>P\u00e1jaros Azules 5057<br \/>67186 Nuevo Almaguer, Guadalupe, N.L.<\/p><p><\/p>\t\t\t\t\t\t\t\t<\/div>\n\t\t\t\t<\/div>\n\t\t\t\t<div class=\"elementor-element elementor-element-652e443 elementor-widget elementor-widget-heading\" data-id=\"652e443\" data-element_type=\"widget\" data-widget_type=\"heading.default\">\n\t\t\t\t<div class=\"elementor-widget-container\">\n\t\t\t\t\t<h2 class=\"elementor-heading-title elementor-size-default\">Phone<\/h2>\t\t\t\t<\/div>\n\t\t\t\t<\/div>\n\t\t\t\t<div class=\"elementor-element elementor-element-a5401a5 elementor-widget elementor-widget-text-editor\" data-id=\"a5401a5\" data-element_type=\"widget\" data-widget_type=\"text-editor.default\">\n\t\t\t\t<div class=\"elementor-widget-container\">\n\t\t\t\t\t\t\t\t\t<p>81\u00a08218 0682<br \/>81\u00a08218 0683<\/p><p><\/p>\t\t\t\t\t\t\t\t<\/div>\n\t\t\t\t<\/div>\n\t\t\t\t<div class=\"elementor-element elementor-element-ad9a511 elementor-widget elementor-widget-heading\" data-id=\"ad9a511\" data-element_type=\"widget\" data-widget_type=\"heading.default\">\n\t\t\t\t<div class=\"elementor-widget-container\">\n\t\t\t\t\t<h2 class=\"elementor-heading-title elementor-size-default\">USA Phone<\/h2>\t\t\t\t<\/div>\n\t\t\t\t<\/div>\n\t\t\t\t<div class=\"elementor-element elementor-element-dbdf061 elementor-widget elementor-widget-text-editor\" data-id=\"dbdf061\" data-element_type=\"widget\" data-widget_type=\"text-editor.default\">\n\t\t\t\t<div class=\"elementor-widget-container\">\n\t\t\t\t\t\t\t\t\t<p>+1 956 426 4602<\/p>\t\t\t\t\t\t\t\t<\/div>\n\t\t\t\t<\/div>\n\t\t\t\t\t<\/div>\n\t\t<\/div>\n\t\t\t\t\t<\/div>\n\t\t<\/section>\n\t\t\t\t\t<\/div>\n\t\t<\/div>\n\t\t\t\t\t<\/div>\n\t\t<\/section>\n\t\t\t\t<section class=\"elementor-section elementor-top-section elementor-element elementor-element-7fe450f elementor-section-height-min-height elementor-section-boxed elementor-section-height-default elementor-section-items-middle\" data-id=\"7fe450f\" data-element_type=\"section\" data-settings=\"{&quot;background_background&quot;:&quot;classic&quot;}\">\n\t\t\t\t\t\t<div class=\"elementor-container elementor-column-gap-default\">\n\t\t\t\t\t<div class=\"elementor-column elementor-col-100 elementor-top-column elementor-element elementor-element-c300c2e\" data-id=\"c300c2e\" data-element_type=\"column\">\n\t\t\t<div class=\"elementor-widget-wrap elementor-element-populated\">\n\t\t\t\t\t\t<section class=\"elementor-section elementor-inner-section elementor-element elementor-element-68e915b elementor-section-boxed elementor-section-height-default elementor-section-height-default\" data-id=\"68e915b\" data-element_type=\"section\">\n\t\t\t\t\t\t<div class=\"elementor-container elementor-column-gap-default\">\n\t\t\t\t\t<div class=\"elementor-column elementor-col-33 elementor-inner-column elementor-element elementor-element-7ba9b0e\" data-id=\"7ba9b0e\" data-element_type=\"column\">\n\t\t\t<div class=\"elementor-widget-wrap\">\n\t\t\t\t\t\t\t<\/div>\n\t\t<\/div>\n\t\t\t\t<div class=\"elementor-column elementor-col-33 elementor-inner-column elementor-element elementor-element-9d1a2e4\" data-id=\"9d1a2e4\" data-element_type=\"column\">\n\t\t\t<div class=\"elementor-widget-wrap elementor-element-populated\">\n\t\t\t\t\t\t<div class=\"elementor-element elementor-element-05af498 elementor-widget elementor-widget-heading\" data-id=\"05af498\" data-element_type=\"widget\" data-widget_type=\"heading.default\">\n\t\t\t\t<div class=\"elementor-widget-container\">\n\t\t\t\t\t<h2 class=\"elementor-heading-title elementor-size-default\">Get in touch<\/h2>\t\t\t\t<\/div>\n\t\t\t\t<\/div>\n\t\t\t\t<div class=\"elementor-element elementor-element-4d932b9 elementor-widget-divider--view-line elementor-widget elementor-widget-divider\" data-id=\"4d932b9\" data-element_type=\"widget\" data-widget_type=\"divider.default\">\n\t\t\t\t<div class=\"elementor-widget-container\">\n\t\t\t\t\t\t\t<div class=\"elementor-divider\">\n\t\t\t<span class=\"elementor-divider-separator\">\n\t\t\t\t\t\t<\/span>\n\t\t<\/div>\n\t\t\t\t\t\t<\/div>\n\t\t\t\t<\/div>\n\t\t\t\t<div class=\"elementor-element elementor-element-b502b97 elementor-widget elementor-widget-html\" data-id=\"b502b97\" data-element_type=\"widget\" data-widget_type=\"html.default\">\n\t\t\t\t<div class=\"elementor-widget-container\">\n\t\t\t\t\t\n\t\t\t\t\t\t<script>\n\t\t\t\t\t\t\twindow.hsFormsOnReady = window.hsFormsOnReady || [];\n\t\t\t\t\t\t\twindow.hsFormsOnReady.push(()=>{\n\t\t\t\t\t\t\t\thbspt.forms.create({\n\t\t\t\t\t\t\t\t\tportalId: 21457755,\n\t\t\t\t\t\t\t\t\tformId: \"4b780b27-0c99-42e3-b336-7ee7c5ed10a9\",\n\t\t\t\t\t\t\t\t\ttarget: \"#hbspt-form-1776615522000-6990417829\",\n\t\t\t\t\t\t\t\t\tregion: \"na1\",\n\t\t\t\t\t\t\t\t\t\n\t\t\t\t\t\t\t})});\n\t\t\t\t\t\t<\/script>\n\t\t\t\t\t\t<div class=\"hbspt-form\" id=\"hbspt-form-1776615522000-6990417829\"><\/div>\t\t\t\t<\/div>\n\t\t\t\t<\/div>\n\t\t\t\t\t<\/div>\n\t\t<\/div>\n\t\t\t\t<div class=\"elementor-column elementor-col-33 elementor-inner-column elementor-element elementor-element-c17a1fa\" data-id=\"c17a1fa\" data-element_type=\"column\">\n\t\t\t<div class=\"elementor-widget-wrap\">\n\t\t\t\t\t\t\t<\/div>\n\t\t<\/div>\n\t\t\t\t\t<\/div>\n\t\t<\/section>\n\t\t\t\t\t<\/div>\n\t\t<\/div>\n\t\t\t\t\t<\/div>\n\t\t<\/section>\n\t\t\t\t<section class=\"elementor-section elementor-top-section elementor-element elementor-element-2f3150e elementor-section-height-min-height elementor-section-boxed elementor-section-height-default elementor-section-items-middle elementor-invisible\" data-id=\"2f3150e\" data-element_type=\"section\" data-settings=\"{&quot;background_background&quot;:&quot;classic&quot;,&quot;animation&quot;:&quot;bounceInUp&quot;}\">\n\t\t\t\t\t\t<div class=\"elementor-container elementor-column-gap-default\">\n\t\t\t\t\t<div class=\"elementor-column elementor-col-100 elementor-top-column elementor-element elementor-element-2c3d42b\" data-id=\"2c3d42b\" data-element_type=\"column\">\n\t\t\t<div class=\"elementor-widget-wrap\">\n\t\t\t\t\t\t\t<\/div>\n\t\t<\/div>\n\t\t\t\t\t<\/div>\n\t\t<\/section>\n\t\t\t\t<\/div>","protected":false},"excerpt":{"rendered":"<p>Cont\u00e1ctanos Compra nuestro producto. Cont\u00e1ctanos para una asesor\u00eda personalizada, adquiero o comienza a distribuir FORTAN con una gran participaci\u00f3n dentro de la industria. Conoce nuestros productos Correo contacto@fortanstone.com Direcci\u00f3n P\u00e1jaros Azules 505767186 Nuevo Almaguer, Guadalupe, N.L. Tel\u00e9fono 81\u00a08218 068281\u00a08218 0683 Tel\u00e9fono USA +1 956 426 4602 Ponte en contacto<\/p>","protected":false},"author":1,"featured_media":0,"parent":0,"menu_order":0,"comment_status":"closed","ping_status":"closed","template":"elementor_header_footer","meta":{"content-type":"","footnotes":""},"class_list":["post-100","page","type-page","status-publish","hentry"],"yoast_head":"<!-- This site is optimized with the Yoast SEO plugin v25.8 - https:\/\/yoast.com\/wordpress\/plugins\/seo\/ -->\n<title>Contacto - Fortanstone<\/title>\n<meta name=\"robots\" content=\"index, follow, max-snippet:-1, max-image-preview:large, max-video-preview:-1\" \/>\n<link rel=\"canonical\" href=\"https:\/\/fortanstone.com\/en\/contacto\/\" \/>\n<meta property=\"og:locale\" content=\"en_US\" \/>\n<meta property=\"og:type\" content=\"article\" \/>\n<meta property=\"og:title\" content=\"Contacto - Fortanstone\" \/>\n<meta property=\"og:description\" content=\"Cont\u00e1ctanos Compra nuestro producto. Cont\u00e1ctanos para una asesor\u00eda personalizada, adquiero o comienza a distribuir FORTAN con una gran participaci\u00f3n dentro de la industria. Conoce nuestros productos Correo contacto@fortanstone.com Direcci\u00f3n P\u00e1jaros Azules 505767186 Nuevo Almaguer, Guadalupe, N.L. Tel\u00e9fono 81\u00a08218 068281\u00a08218 0683 Tel\u00e9fono USA +1 956 426 4602 Ponte en contacto\" \/>\n<meta property=\"og:url\" content=\"https:\/\/fortanstone.com\/en\/contacto\/\" \/>\n<meta property=\"og:site_name\" content=\"Fortanstone\" \/>\n<meta property=\"article:publisher\" content=\"https:\/\/www.facebook.com\/FortanStone\/\" \/>\n<meta property=\"article:modified_time\" content=\"2024-08-03T02:17:23+00:00\" \/>\n<meta name=\"twitter:card\" content=\"summary_large_image\" \/>\n<meta name=\"twitter:label1\" content=\"Est. reading time\" \/>\n\t<meta name=\"twitter:data1\" content=\"1 minute\" \/>\n<script type=\"application\/ld+json\" class=\"yoast-schema-graph\">{\"@context\":\"https:\/\/schema.org\",\"@graph\":[{\"@type\":\"WebPage\",\"@id\":\"https:\/\/fortanstone.com\/contacto\/\",\"url\":\"https:\/\/fortanstone.com\/contacto\/\",\"name\":\"Contacto - Fortanstone\",\"isPartOf\":{\"@id\":\"https:\/\/fortanstone.com\/#website\"},\"datePublished\":\"2022-06-16T06:12:08+00:00\",\"dateModified\":\"2024-08-03T02:17:23+00:00\",\"breadcrumb\":{\"@id\":\"https:\/\/fortanstone.com\/contacto\/#breadcrumb\"},\"inLanguage\":\"en-US\",\"potentialAction\":[{\"@type\":\"ReadAction\",\"target\":[\"https:\/\/fortanstone.com\/contacto\/\"]}]},{\"@type\":\"BreadcrumbList\",\"@id\":\"https:\/\/fortanstone.com\/contacto\/#breadcrumb\",\"itemListElement\":[{\"@type\":\"ListItem\",\"position\":1,\"name\":\"Inicio\",\"item\":\"https:\/\/fortanstone.com\/\"},{\"@type\":\"ListItem\",\"position\":2,\"name\":\"Contacto\"}]},{\"@type\":\"WebSite\",\"@id\":\"https:\/\/fortanstone.com\/#website\",\"url\":\"https:\/\/fortanstone.com\/\",\"name\":\"Fortanstone\",\"description\":\"Just another WordPress site\",\"publisher\":{\"@id\":\"https:\/\/fortanstone.com\/#organization\"},\"potentialAction\":[{\"@type\":\"SearchAction\",\"target\":{\"@type\":\"EntryPoint\",\"urlTemplate\":\"https:\/\/fortanstone.com\/?s={search_term_string}\"},\"query-input\":{\"@type\":\"PropertyValueSpecification\",\"valueRequired\":true,\"valueName\":\"search_term_string\"}}],\"inLanguage\":\"en-US\"},{\"@type\":\"Organization\",\"@id\":\"https:\/\/fortanstone.com\/#organization\",\"name\":\"Fortanstone - Losetas de Concreto Para Pisos y Fachadas\",\"url\":\"https:\/\/fortanstone.com\/\",\"logo\":{\"@type\":\"ImageObject\",\"inLanguage\":\"en-US\",\"@id\":\"https:\/\/fortanstone.com\/#\/schema\/logo\/image\/\",\"url\":\"http:\/\/fortanstone.com\/wp-content\/uploads\/2022\/06\/fortanlogo.png\",\"contentUrl\":\"http:\/\/fortanstone.com\/wp-content\/uploads\/2022\/06\/fortanlogo.png\",\"width\":258,\"height\":186,\"caption\":\"Fortanstone - Losetas de Concreto Para Pisos y Fachadas\"},\"image\":{\"@id\":\"https:\/\/fortanstone.com\/#\/schema\/logo\/image\/\"},\"sameAs\":[\"https:\/\/www.facebook.com\/FortanStone\/\"]}]}<\/script>\n<!-- \/ Yoast SEO plugin. -->","yoast_head_json":{"title":"Contacto - Fortanstone","robots":{"index":"index","follow":"follow","max-snippet":"max-snippet:-1","max-image-preview":"max-image-preview:large","max-video-preview":"max-video-preview:-1"},"canonical":"https:\/\/fortanstone.com\/en\/contacto\/","og_locale":"en_US","og_type":"article","og_title":"Contacto - Fortanstone","og_description":"Cont\u00e1ctanos Compra nuestro producto. Cont\u00e1ctanos para una asesor\u00eda personalizada, adquiero o comienza a distribuir FORTAN con una gran participaci\u00f3n dentro de la industria. Conoce nuestros productos Correo contacto@fortanstone.com Direcci\u00f3n P\u00e1jaros Azules 505767186 Nuevo Almaguer, Guadalupe, N.L. Tel\u00e9fono 81\u00a08218 068281\u00a08218 0683 Tel\u00e9fono USA +1 956 426 4602 Ponte en contacto","og_url":"https:\/\/fortanstone.com\/en\/contacto\/","og_site_name":"Fortanstone","article_publisher":"https:\/\/www.facebook.com\/FortanStone\/","article_modified_time":"2024-08-03T02:17:23+00:00","twitter_card":"summary_large_image","twitter_misc":{"Est. reading time":"1 minute"},"schema":{"@context":"https:\/\/schema.org","@graph":[{"@type":"WebPage","@id":"https:\/\/fortanstone.com\/contacto\/","url":"https:\/\/fortanstone.com\/contacto\/","name":"Contacto - Fortanstone","isPartOf":{"@id":"https:\/\/fortanstone.com\/#website"},"datePublished":"2022-06-16T06:12:08+00:00","dateModified":"2024-08-03T02:17:23+00:00","breadcrumb":{"@id":"https:\/\/fortanstone.com\/contacto\/#breadcrumb"},"inLanguage":"en-US","potentialAction":[{"@type":"ReadAction","target":["https:\/\/fortanstone.com\/contacto\/"]}]},{"@type":"BreadcrumbList","@id":"https:\/\/fortanstone.com\/contacto\/#breadcrumb","itemListElement":[{"@type":"ListItem","position":1,"name":"Inicio","item":"https:\/\/fortanstone.com\/"},{"@type":"ListItem","position":2,"name":"Contacto"}]},{"@type":"WebSite","@id":"https:\/\/fortanstone.com\/#website","url":"https:\/\/fortanstone.com\/","name":"Fortanstone","description":"Just another WordPress site","publisher":{"@id":"https:\/\/fortanstone.com\/#organization"},"potentialAction":[{"@type":"SearchAction","target":{"@type":"EntryPoint","urlTemplate":"https:\/\/fortanstone.com\/?s={search_term_string}"},"query-input":{"@type":"PropertyValueSpecification","valueRequired":true,"valueName":"search_term_string"}}],"inLanguage":"en-US"},{"@type":"Organization","@id":"https:\/\/fortanstone.com\/#organization","name":"Fortanstone - Losetas de Concreto Para Pisos y Fachadas","url":"https:\/\/fortanstone.com\/","logo":{"@type":"ImageObject","inLanguage":"en-US","@id":"https:\/\/fortanstone.com\/#\/schema\/logo\/image\/","url":"http:\/\/fortanstone.com\/wp-content\/uploads\/2022\/06\/fortanlogo.png","contentUrl":"http:\/\/fortanstone.com\/wp-content\/uploads\/2022\/06\/fortanlogo.png","width":258,"height":186,"caption":"Fortanstone - Losetas de Concreto Para Pisos y Fachadas"},"image":{"@id":"https:\/\/fortanstone.com\/#\/schema\/logo\/image\/"},"sameAs":["https:\/\/www.facebook.com\/FortanStone\/"]}]}},"_links":{"self":[{"href":"https:\/\/fortanstone.com\/en\/wp-json\/wp\/v2\/pages\/100","targetHints":{"allow":["GET"]}}],"collection":[{"href":"https:\/\/fortanstone.com\/en\/wp-json\/wp\/v2\/pages"}],"about":[{"href":"https:\/\/fortanstone.com\/en\/wp-json\/wp\/v2\/types\/page"}],"author":[{"embeddable":true,"href":"https:\/\/fortanstone.com\/en\/wp-json\/wp\/v2\/users\/1"}],"replies":[{"embeddable":true,"href":"https:\/\/fortanstone.com\/en\/wp-json\/wp\/v2\/comments?post=100"}],"version-history":[{"count":58,"href":"https:\/\/fortanstone.com\/en\/wp-json\/wp\/v2\/pages\/100\/revisions"}],"predecessor-version":[{"id":1095,"href":"https:\/\/fortanstone.com\/en\/wp-json\/wp\/v2\/pages\/100\/revisions\/1095"}],"wp:attachment":[{"href":"https:\/\/fortanstone.com\/en\/wp-json\/wp\/v2\/media?parent=100"}],"curies":[{"name":"wp","href":"https:\/\/api.w.org\/{rel}","templated":true}]}}